{"id":29044,"date":"2026-01-11T11:08:55","date_gmt":"2026-01-11T11:08:55","guid":{"rendered":"https:\/\/tienda.anclademia.com\/?post_type=product&#038;p=29044"},"modified":"2026-03-24T15:11:38","modified_gmt":"2026-03-24T14:11:38","slug":"acheter-par","status":"publish","type":"product","link":"https:\/\/tienda.anclademia.com\/fr\/product\/acheter-par\/","title":{"rendered":"PAR"},"content":{"rendered":"<div data-elementor-type=\"wp-post\" data-elementor-id=\"29044\" class=\"elementor elementor-29044\">\n\t\t\t\t<div class=\"wd-negative-gap elementor-element elementor-element-aefc00c wd-section-stretch e-flex e-con-boxed e-con e-parent\" data-id=\"aefc00c\" data-element_type=\"container\" data-e-type=\"container\" data-settings=\"{&quot;background_background&quot;:&quot;classic&quot;}\">\n\t\t\t\t\t<div class=\"e-con-inner\">\n\t\t\t\t<div class=\"elementor-element elementor-element-0a484fd wd-width-100 elementor-widget elementor-widget-wd_title\" data-id=\"0a484fd\" data-element_type=\"widget\" data-e-type=\"widget\" data-widget_type=\"wd_title.default\">\n\t\t\t\t<div class=\"elementor-widget-container\">\n\t\t\t\t\t\t\t<div class=\"title-wrapper wd-set-mb reset-last-child wd-title-color-primary wd-title-style-default wd-title-size-large text-center\">\n\n\t\t\t\n\t\t\t<div class=\"liner-continer\">\n\t\t\t\t<h1 class=\"woodmart-title-container title wd-fontsize-xxl\">Achetez le cours PER<\/h1> \n\t\t\t\t\t\t\t<\/div>\n\n\t\t\t\t\t<\/div>\n\t\t\t\t\t\t<\/div>\n\t\t\t\t<\/div>\n\t\t\t\t<div class=\"elementor-element elementor-element-c408d78 elementor-widget elementor-widget-wd_text_block\" data-id=\"c408d78\" data-element_type=\"widget\" data-e-type=\"widget\" data-widget_type=\"wd_text_block.default\">\n\t\t\t\t<div class=\"elementor-widget-container\">\n\t\t\t\t\t\t\t<div class=\"wd-text-block reset-last-child text-center\">\n\t\t\t\n\t\t\t<h2><b>PER \u2014 Inscription en ligne<\/b><\/h2><p class=\"p3\">Il <span class=\"s2\"><b>Capitaine d&#039;embarcation de plaisance (PER)<\/b><\/span> C&#039;est la qualification nautique la plus recherch\u00e9e car elle \u00e9tend consid\u00e9rablement les privil\u00e8ges du Brevet de Navigation de Base (PNB). Elle permet de piloter des bateaux de plaisance jusqu&#039;\u00e0 <span class=\"s2\"><b>15 m\u00e8tres de longueur<\/b><\/span> et naviguer vers <span class=\"s2\"><b>\u00e0 12 milles nautiques de la c\u00f4te<\/b><\/span>, en plus de permettre la navigation entre les \u00eeles des archipels des Bal\u00e9ares et des Canaries. Avec des pratiques suppl\u00e9mentaires, les pouvoirs sont \u00e9tendus \u00e0 <span class=\"s2\"><b>24 m\u00e8tres de longueur<\/b><\/span> travers\u00e9es entre la p\u00e9ninsule et les \u00eeles Bal\u00e9ares. .<\/p><p class=\"p3\">En achetant ce produit, vous consentez \u00e0 ce que <span class=\"s2\"><b>inscription en ligne<\/b><\/span> Pour obtenir votre permis de navigation de plaisance (PER), notre \u00e9quipe se chargera de votre inscription, vous donnera acc\u00e8s aux supports de formation et organisera votre formation pratique. D\u00e8s le d\u00e9but, vous b\u00e9n\u00e9ficierez d&#039;un accompagnement pour pr\u00e9parer la th\u00e9orie, planifier votre formation pratique et rester inform\u00e9(e) sur le calendrier des examens.<\/p><h2><b>Ce qui est inclus dans l&#039;achat<\/b><\/h2><p class=\"p3\">Cette inscription vous donne acc\u00e8s \u00e0 tout ce dont vous avez besoin pour entamer le processus d&#039;obtention du PER\u00a0:<\/p><ul><li><p class=\"p1\" style=\"text-align: left;\"><span class=\"s1\"><b>Formation th\u00e9orique<\/b><\/span> (en personne ou en ligne) couvrant tous les sujets de l&#039;examen officiel : nomenclature nautique, \u00e9l\u00e9ments d&#039;amarrage et d&#039;ancrage, s\u00e9curit\u00e9 en mer, r\u00e9glementation de la navigation (CORPE), m\u00e9t\u00e9orologie, cartes marines, etc.<\/p><\/li><li style=\"text-align: left;\"><p class=\"p1\"><span class=\"s1\"><b>Pratiques de s\u00e9curit\u00e9 et de navigation<\/b><\/span> de <span class=\"s1\"><b>16 heures<\/b><\/span> Ces exercices sont obligatoires. Ils se d\u00e9roulent normalement sur deux journ\u00e9es de 8 heures et portent sur les man\u0153uvres, la s\u00e9curit\u00e9 et la navigation c\u00f4ti\u00e8re, de jour comme de nuit. .<\/p><\/li><li style=\"text-align: left;\"><p class=\"p1\"><span class=\"s1\"><b>Cours d&#039;op\u00e9rateur radio \u00e0 courte port\u00e9e (ROCA)<\/b><\/span> de <span class=\"s1\"><b>12 heures<\/b><\/span> (4 heures de th\u00e9orie et 8 heures de pratique). Vous apprendrez \u00e0 utiliser le mat\u00e9riel radio, \u00e0 \u00e9mettre des appels de d\u00e9tresse et \u00e0 respecter les protocoles de communication maritime.<\/p><\/li><li style=\"text-align: left;\"><p class=\"p1\"><span class=\"s1\"><b>Ressources p\u00e9dagogiques num\u00e9riques<\/b><\/span> et une plateforme de test pour s&#039;entra\u00eener \u00e0 l&#039;examen \u00e0 choix multiples.<\/p><\/li><li style=\"text-align: left;\"><p class=\"p1\"><span class=\"s1\"><b>Tutorat et soutien personnel<\/b><\/span> pour dissiper vos doutes et planifier vos \u00e9tudes.<\/p><\/li><li><p class=\"p1\" style=\"text-align: left;\"><span class=\"s1\"><b>Gestion administrative<\/b><\/span>Nous vous aidons \u00e0 vous inscrire \u00e0 l&#039;examen et \u00e0 pr\u00e9parer les documents n\u00e9cessaires \u00e0 la d\u00e9livrance du certificat.<\/p><\/li><\/ul><p class=\"p3\"><i>Stages optionnels<\/i>Vous pouvez ajouter le <span class=\"s2\"><b>pratique de la voile<\/b><\/span> (16 heures) pour permettre aux voiliers et aux <span class=\"s2\"><b>pratique de vulgarisation<\/b><\/span> (24 heures) pour naviguer entre la p\u00e9ninsule et les \u00eeles Bal\u00e9ares et pour man\u0153uvrer des navires jusqu&#039;\u00e0 24 m. .<\/p><h2><b>Exigences et certificat m\u00e9dical<\/b><\/h2><p class=\"p3\">Pour obtenir le PER, vous devez remplir les conditions l\u00e9gales suivantes\u00a0:<\/p><ul><li><p class=\"p1\" style=\"text-align: left;\"><b>\u00c2ge minimum de 18 ans<\/b> <span class=\"s1\">.<\/span><\/p><\/li><li style=\"text-align: left;\"><p class=\"p1\"><span class=\"s1\"><b>R\u00e9ussir l&#039;examen th\u00e9orique officiel<\/b><\/span>, qui consiste en <span class=\"s1\"><b>45 questions \u00e0 choix multiples<\/b><\/span> d&#039;une dur\u00e9e maximale de 90 minutes ; vous devez obtenir au moins 32 bonnes r\u00e9ponses pour r\u00e9ussir. .<\/p><\/li><li style=\"text-align: left;\"><p class=\"p1\"><span class=\"s1\"><b>Effectuez les stages obligatoires<\/b><\/span> Les \u00e9quipements de navigation et de radio mentionn\u00e9s ci-dessus. .<\/p><\/li><li><p class=\"p1\" style=\"text-align: left;\"><span class=\"s1\"><b>Soumettre un rapport d&#039;aptitude psychophysique<\/b><\/span> (Examen m\u00e9dical) conform\u00e9ment au d\u00e9cret royal 875\/2014. Si vous poss\u00e9dez un permis de conduire renouvel\u00e9 au cours des 90 derniers jours, celui-ci peut faire office de justificatif\u00a0; sinon, nous vous indiquerons les centres agr\u00e9\u00e9s pour l\u2019examen.<\/p><\/li><\/ul><h2><b>Comment fonctionne le processus<\/b><\/h2><ol start=\"1\"><li><p class=\"p1\" style=\"text-align: left;\"><span class=\"s1\"><b>Achetez en ligne<\/b><\/span> Saisissez ce formulaire d&#039;inscription et vous recevrez un courriel de confirmation contenant les \u00e9tapes \u00e0 suivre.<\/p><\/li><li style=\"text-align: left;\"><p class=\"p1\"><span class=\"s1\"><b>Acc\u00e8s \u00e0 la th\u00e9orie<\/b><\/span>Nous vous enverrons le mat\u00e9riel p\u00e9dagogique et le calendrier des cours afin que vous puissiez choisir entre les options en ligne ou en pr\u00e9sentiel.<\/p><\/li><li style=\"text-align: left;\"><p class=\"p1\"><span class=\"s1\"><b>Programme de stage<\/b><\/span>Vous conviendrez avec notre \u00e9quipe des dates des travaux pratiques de s\u00e9curit\u00e9 et de navigation (16 heures) et du cours de radio (12 heures). Ces travaux pratiques peuvent \u00eatre effectu\u00e9s avant ou apr\u00e8s l&#039;examen th\u00e9orique.<\/p><\/li><li style=\"text-align: left;\"><p class=\"p1\"><span class=\"s1\"><b>Pr\u00e9paration aux examens<\/b><\/span>Vous utiliserez notre plateforme de tests et de tutorat pour vous entra\u00eener. Lorsque vous vous sentirez pr\u00eat, nous vous aiderons \u00e0 vous inscrire \u00e0 l&#039;examen officiel.<\/p><\/li><li style=\"text-align: left;\"><p class=\"p1\"><span class=\"s1\"><b>Passer l&#039;examen th\u00e9orique<\/b><\/span>Vous devrez r\u00e9pondre \u00e0 45 questions en 90 minutes. .<\/p><\/li><li><p class=\"p1\" style=\"text-align: left;\"><span class=\"s1\"><b>options d&#039;extension<\/b><\/span>Si vous souhaitez naviguer ou naviguer vers les \u00eeles Bal\u00e9ares et dans des bateaux jusqu&#039;\u00e0 24 m, vous pouvez louer l&#039;entra\u00eenement \u00e0 la voile en option (16 h) et l&#039;extension (24 h). .<\/p><\/li><\/ol><h2><b>Informations importantes<\/b><\/h2><ul><li><p class=\"p1\" style=\"text-align: left;\"><span class=\"s1\"><b>Responsabilit\u00e9s de base<\/b><\/span>Le PER (Permis de Skipper de Loisirs) autorise l&#039;exploitation de bateaux \u00e0 moteur de loisirs jusqu&#039;\u00e0 15 m de longueur et la navigation jusqu&#039;\u00e0 12 milles de la c\u00f4te, y compris la navigation entre les \u00eeles des archipels des Bal\u00e9ares et des Canaries.<\/p><\/li><li style=\"text-align: left;\"><p class=\"p1\"><span class=\"s1\"><b>pouvoirs suppl\u00e9mentaires<\/b><\/span>Si vous suivez la formation compl\u00e9mentaire en voile et navigation, vous pourrez commander des bateaux jusqu&#039;\u00e0 24 m et naviguer entre la p\u00e9ninsule Ib\u00e9rique et les \u00eeles Bal\u00e9ares. .<\/p><\/li><li style=\"text-align: left;\"><p class=\"p1\"><span class=\"s1\"><b>Stages obligatoires<\/b><\/span>Vous devez suivre 16 heures de formation \u00e0 la s\u00e9curit\u00e9 et \u00e0 la navigation et 12 heures de formation \u00e0 la radio. .<\/p><\/li><li style=\"text-align: left;\"><p class=\"p1\"><span class=\"s1\"><b>Examen et frais<\/b><\/span>Les frais d&#039;examen officiel et de d\u00e9livrance du certificat ne sont pas inclus dans le prix de la scolarit\u00e9. Nous vous communiquerons les montants actualis\u00e9s en fonction de votre r\u00e9gion.<\/p><\/li><li style=\"text-align: left;\"><p class=\"p1\"><span class=\"s1\"><b>Validit\u00e9 et renouvellements<\/b><\/span>Le titre PER expire ; il suffit de renouveler le certificat m\u00e9dical, valable 10 ans.<\/p><\/li><li><p class=\"p1\" style=\"text-align: left;\"><span class=\"s1\"><b>Aucun titre pr\u00e9c\u00e9dent<\/b><\/span>Vous n&#039;avez pas besoin d&#039;une licence de navigation ou d&#039;un PNB pour obtenir le PER ; vous pouvez y acc\u00e9der directement \u00e0 condition de remplir les conditions d&#039;\u00e2ge et de formation.<\/p><\/li><\/ul><h2><b>Liens utiles<\/b><\/h2><p class=\"p3\">Si vous souhaitez en savoir plus sur le programme officiel, les qualifications et la r\u00e9glementation en vigueur concernant le PER (Permis de skipper de plaisance), veuillez consulter la page d&#039;information de notre \u00e9cole\u00a0: <a href=\"https:\/\/anclademia.com\/patron-de-embarcacion-de-recreo\/\" target=\"_blank\" rel=\"noopener\"><span class=\"s4\"><b>Informations compl\u00e8tes sur le PER<\/b><\/span><\/a>. Vous y trouverez des informations d\u00e9taill\u00e9es sur chaque mati\u00e8re, des exemples d&#039;examens et des recommandations pour vous pr\u00e9parer \u00e0 l&#039;examen.<\/p>\n\t\t\t\t\t<\/div>\n\t\t\t\t\t\t<\/div>\n\t\t\t\t<\/div>\n\t\t\t\t\t<\/div>\n\t\t\t\t<\/div>\n\t\t\t\t<\/div>","protected":false},"excerpt":{"rendered":"<p class=\"p1\">Inscrivez-vous pour obtenir le PER (Permis de Capitaine d&#039;Embarcation de Loisirs) afin de piloter des bateaux de plaisance. Ce permis donne acc\u00e8s \u00e0 la th\u00e9orie, \u00e0 la pratique de la navigation et \u00e0 la radio ROCA, et inclut le traitement du certificat.<\/p>","protected":false},"featured_media":29766,"template":"","meta":[],"product_brand":[],"product_cat":[23],"product_tag":[],"class_list":{"0":"post-29044","1":"product","2":"type-product","3":"status-publish","4":"has-post-thumbnail","6":"product_cat-titulos-nauticos-de-recreo","8":"first","9":"instock","10":"taxable","11":"shipping-taxable","12":"purchasable","13":"product-type-variable"},"jetpack_sharing_enabled":true,"_links":{"self":[{"href":"https:\/\/tienda.anclademia.com\/fr\/wp-json\/wp\/v2\/product\/29044","targetHints":{"allow":["GET"]}}],"collection":[{"href":"https:\/\/tienda.anclademia.com\/fr\/wp-json\/wp\/v2\/product"}],"about":[{"href":"https:\/\/tienda.anclademia.com\/fr\/wp-json\/wp\/v2\/types\/product"}],"version-history":[{"count":10,"href":"https:\/\/tienda.anclademia.com\/fr\/wp-json\/wp\/v2\/product\/29044\/revisions"}],"predecessor-version":[{"id":30271,"href":"https:\/\/tienda.anclademia.com\/fr\/wp-json\/wp\/v2\/product\/29044\/revisions\/30271"}],"wp:featuredmedia":[{"embeddable":true,"href":"https:\/\/tienda.anclademia.com\/fr\/wp-json\/wp\/v2\/media\/29766"}],"wp:attachment":[{"href":"https:\/\/tienda.anclademia.com\/fr\/wp-json\/wp\/v2\/media?parent=29044"}],"wp:term":[{"taxonomy":"product_brand","embeddable":true,"href":"https:\/\/tienda.anclademia.com\/fr\/wp-json\/wp\/v2\/product_brand?post=29044"},{"taxonomy":"product_cat","embeddable":true,"href":"https:\/\/tienda.anclademia.com\/fr\/wp-json\/wp\/v2\/product_cat?post=29044"},{"taxonomy":"product_tag","embeddable":true,"href":"https:\/\/tienda.anclademia.com\/fr\/wp-json\/wp\/v2\/product_tag?post=29044"}],"curies":[{"name":"wp","href":"https:\/\/api.w.org\/{rel}","templated":true}]}}