{"id":29066,"date":"2026-01-11T17:41:50","date_gmt":"2026-01-11T17:41:50","guid":{"rendered":"https:\/\/tienda.anclademia.com\/?post_type=product&#038;p=29066"},"modified":"2026-03-24T15:11:05","modified_gmt":"2026-03-24T14:11:05","slug":"acheter-un-yacht-de-patron-py","status":"publish","type":"product","link":"https:\/\/tienda.anclademia.com\/fr\/product\/acheter-un-yacht-de-patron-py\/","title":{"rendered":"PY"},"content":{"rendered":"<div data-elementor-type=\"wp-post\" data-elementor-id=\"29066\" class=\"elementor elementor-29066\">\n\t\t\t\t<div class=\"wd-negative-gap elementor-element elementor-element-aa17297 wd-section-stretch e-flex e-con-boxed e-con e-parent\" data-id=\"aa17297\" data-element_type=\"container\" data-e-type=\"container\" data-settings=\"{&quot;background_background&quot;:&quot;classic&quot;}\">\n\t\t\t\t\t<div class=\"e-con-inner\">\n\t\t\t\t<div class=\"elementor-element elementor-element-352a3b6 wd-width-100 elementor-widget elementor-widget-wd_title\" data-id=\"352a3b6\" data-element_type=\"widget\" data-e-type=\"widget\" data-widget_type=\"wd_title.default\">\n\t\t\t\t<div class=\"elementor-widget-container\">\n\t\t\t\t\t\t\t<div class=\"title-wrapper wd-set-mb reset-last-child wd-title-color-primary wd-title-style-default wd-title-size-large text-center\">\n\n\t\t\t\n\t\t\t<div class=\"liner-continer\">\n\t\t\t\t<h1 class=\"woodmart-title-container title wd-fontsize-xxl\">Acheter Yacht Master<\/h1> \n\t\t\t\t\t\t\t<\/div>\n\n\t\t\t\t\t<\/div>\n\t\t\t\t\t\t<\/div>\n\t\t\t\t<\/div>\n\t\t\t\t<div class=\"elementor-element elementor-element-4a87fc5 elementor-widget elementor-widget-wd_text_block\" data-id=\"4a87fc5\" data-element_type=\"widget\" data-e-type=\"widget\" data-widget_type=\"wd_text_block.default\">\n\t\t\t\t<div class=\"elementor-widget-container\">\n\t\t\t\t\t\t\t<div class=\"wd-text-block reset-last-child text-center\">\n\t\t\t\n\t\t\t<h2><b>Skipper de yacht \u2014 Inscription en ligne<\/b><\/h2><p class=\"p3\">Il <span class=\"s2\"><b>Capitaine de yacht (PY)<\/b><\/span> Cette qualification vous permet de franchir un cap qualitatif dans la navigation de plaisance. Gr\u00e2ce \u00e0 elle, vous pouvez piloter des bateaux jusqu&#039;\u00e0 <span class=\"s2\"><b>24 m de longueur<\/b><\/span> et naviguer vers <span class=\"s2\"><b>150 miles<\/b><\/span> Depuis la c\u00f4te, le champ d&#039;application du PER (Permis de navigation de plaisance) est \u00e9largi, autorisant des travers\u00e9es plus longues et la navigation de nuit. Pour obtenir le PY (Permis de navigation provisoire), il est indispensable de poss\u00e9der le PER, d&#039;\u00eatre \u00e2g\u00e9 de plus de 18 ans et de satisfaire aux exigences sanitaires et scolaires \u00e9tablies. .<\/p><p class=\"p3\">En obtenant cette inscription <span class=\"s2\"><b>Vous assurez votre place<\/b><\/span> Lors de la prochaine session d&#039;examen, vous aurez acc\u00e8s au campus virtuel, aux cours th\u00e9oriques et \u00e0 l&#039;exercice de navigation obligatoire. Notre \u00e9quipe se chargera de toutes les formalit\u00e9s administratives et vous accompagnera tout au long du processus, de la pr\u00e9paration \u00e0 l&#039;examen jusqu&#039;\u00e0 la certification finale.<\/p><h2><b>Ce qui est inclus dans l&#039;achat<\/b><\/h2><p class=\"p3\">Cette inscription vous donne acc\u00e8s \u00e0 tout ce dont vous avez besoin pour d\u00e9marrer le processus PY\u00a0:<\/p><ul><li><p class=\"p1\" style=\"text-align: left;\"><span class=\"s1\"><b>Formation th\u00e9orique<\/b><\/span>Des cours en pr\u00e9sentiel ou en ligne sont propos\u00e9s pour vous aider \u00e0 r\u00e9ussir l&#039;examen officiel. Les sujets abord\u00e9s incluent la navigation astronomique, la m\u00e9t\u00e9orologie, les proc\u00e9dures de s\u00e9curit\u00e9 et de sauvetage, l&#039;utilisation du GPS et du radar, etc. La pr\u00e9paration est g\u00e9n\u00e9ralement organis\u00e9e en modules intensifs r\u00e9partis sur plusieurs semaines. .<\/p><\/li><li style=\"text-align: left;\"><p class=\"p1\"><span class=\"s1\"><b>Pratique de navigation obligatoire de 48 heures<\/b><\/span>Une travers\u00e9e en haute mer o\u00f9 vous apprendrez la navigation de nuit, la planification d&#039;itin\u00e9raire, la navigation par mauvais temps et l&#039;utilisation avanc\u00e9e des \u00e9quipements \u00e9lectroniques. Ces exercices pratiques se d\u00e9roulent g\u00e9n\u00e9ralement sous la forme d&#039;une travers\u00e9e continue de 48 heures (environ 220 milles nautiques). .<\/p><\/li><li style=\"text-align: left;\"><p class=\"p1\"><span class=\"s1\"><b>Cours de radio<\/b><\/span> (uniquement si vous ne poss\u00e9dez pas d\u00e9j\u00e0 le certificat ROCA ou \u00e9quivalent) : bien que de nombreux \u00e9tudiants l&#039;aient compl\u00e9t\u00e9 avec le PER, ceux qui ne l&#039;ont pas doivent suivre le cours d&#039;op\u00e9rateur \u00e0 courte port\u00e9e (12 h) pour obtenir la qualification. .<\/p><\/li><li style=\"text-align: left;\"><p class=\"p1\"><span class=\"s1\"><b>Ressources p\u00e9dagogiques num\u00e9riques<\/b><\/span>: acc\u00e8s aux programmes de cours mis \u00e0 jour, aux exercices de navigation graphique et aux tests d&#039;examen.<\/p><\/li><li style=\"text-align: left;\"><p class=\"p1\"><span class=\"s1\"><b>Soutien et tutorat personnalis\u00e9s<\/b><\/span>Des conseils pour planifier vos \u00e9tudes et dissiper vos doutes jusqu&#039;au jour de l&#039;examen.<\/p><\/li><\/ul><p class=\"p3\">Les frais d&#039;examen officiel et l&#039;examen m\u00e9dical ne sont pas inclus dans le prix de la scolarit\u00e9.<\/p><h2><b>Exigences et certificat m\u00e9dical<\/b><\/h2><p class=\"p3\">Pour obtenir la certification de skipper de yacht, vous devez satisfaire aux exigences suivantes\u00a0:<\/p><ul><li><p class=\"p1\" style=\"text-align: left;\"><span class=\"s1\">\u00catre <\/span><b>plus de 18 ans<\/b><span class=\"s1\">.<\/span><\/p><\/li><li style=\"text-align: left;\"><p class=\"p1\">Poss\u00e9der le <span class=\"s1\"><b>PER titre<\/b><\/span> (Capitaine de bateau de plaisance) .<\/p><\/li><li style=\"text-align: left;\"><p class=\"p1\"><span class=\"s1\"><b>R\u00e9ussir l&#039;examen th\u00e9orique officiel<\/b><\/span>, L&#039;examen dure 2 heures et comprend 40 questions \u00e0 choix multiples portant sur la s\u00e9curit\u00e9, la navigation et les cartes marines ; au moins 28 bonnes r\u00e9ponses sont requises pour r\u00e9ussir l&#039;examen. .<\/p><\/li><li style=\"text-align: left;\"><p class=\"p1\"><span class=\"s1\">Compl\u00e9tez le <\/span><b>48 heures de formation \u00e0 la navigation hauturi\u00e8re<\/b> <span class=\"s1\">.<\/span><\/p><\/li><li style=\"text-align: left;\"><p class=\"p1\"><span class=\"s1\"><b>Soumettre un rapport d&#039;aptitude psychophysique<\/b><\/span> Un examen m\u00e9dical est requis pour l&#039;obtention du certificat. Si vous avez renouvel\u00e9 votre permis de conduire au cours des 90 derniers jours, ce dernier peut faire foi.<\/p><\/li><li><p class=\"p1\" style=\"text-align: left;\">Effectuez le <span class=\"s1\"><b>Cours de radio \u00e0 courte port\u00e9e<\/b><\/span> si vous ne l&#039;avez pas fait dans les titres pr\u00e9c\u00e9dents.<\/p><\/li><\/ul><h2><b>Comment fonctionne le processus<\/b><\/h2><ol start=\"1\"><li><p class=\"p1\" style=\"text-align: left;\"><span class=\"s1\"><b>Achetez en ligne<\/b><\/span> Inscrivez-vous via cette page. Vous recevrez un courriel de confirmation contenant vos identifiants d&#039;acc\u00e8s au campus et les documents requis.<\/p><\/li><li style=\"text-align: left;\"><p class=\"p1\"><span class=\"s1\"><b>Suivre la formation th\u00e9orique<\/b><\/span> Selon le format choisi (en ligne ou en pr\u00e9sentiel), nous vous pr\u00e9parerons avec des exercices, des cartes marines et des simulations d&#039;examen.<\/p><\/li><li style=\"text-align: left;\"><p class=\"p1\"><span class=\"s1\"><b>Planifier et ex\u00e9cuter des exercices de navigation<\/b><\/span>: un voyage continu de 48 heures durant lequel vous mettrez en pratique vos connaissances en navigation astronomique et \u00e9lectronique. .<\/p><\/li><li style=\"text-align: left;\"><p class=\"p1\"><span class=\"s1\"><b>R\u00e9ussir l&#039;examen th\u00e9orique<\/b><\/span> officiel (40 questions, 2 h) atteignant la note minimale. .<\/p><\/li><li style=\"text-align: left;\"><p class=\"p1\"><span class=\"s1\"><b>Fournir le certificat m\u00e9dical<\/b><\/span> et les documents requis. Notre \u00e9quipe se chargera de faire traiter votre dipl\u00f4me par l&#039;administration.<\/p><\/li><li><p class=\"p1\" style=\"text-align: left;\"><span class=\"s1\"><b>Recevez votre titre PY<\/b><\/span>, ce qui vous permettra de r\u00e9aliser des motifs jusqu&#039;\u00e0 24 sur 150 miles.<\/p><\/li><\/ol><h2><b>Informations importantes<\/b><\/h2><ul><li><p class=\"p1\" style=\"text-align: left;\"><span class=\"s1\"><b>Responsabilit\u00e9s de base<\/b><\/span>Le PY vous permet de piloter des bateaux de plaisance jusqu&#039;\u00e0 24 m\u00e8tres de long et de naviguer jusqu&#039;\u00e0 150 milles des c\u00f4tes. .<\/p><\/li><li style=\"text-align: left;\"><p class=\"p1\"><span class=\"s1\"><b>Stages obligatoires<\/b><\/span>Il s&#039;agit de 48 heures de navigation continue ; aucune pratique radio suppl\u00e9mentaire n&#039;est requise si vous poss\u00e9dez d\u00e9j\u00e0 le certificat ROCA. .<\/p><\/li><li style=\"text-align: left;\"><p class=\"p1\"><span class=\"s1\"><b>Examen th\u00e9orique<\/b><\/span>40 questions en 2 heures ; 28 bonnes r\u00e9ponses requises. .<\/p><\/li><li style=\"text-align: left;\"><p class=\"p1\"><span class=\"s1\"><b>certificat m\u00e9dical<\/b><\/span>: requis pour la d\u00e9livrance du titre ; il est valable 90 jours et peut \u00eatre remplac\u00e9 par un permis de conduire r\u00e9cemment renouvel\u00e9.<\/p><\/li><li style=\"text-align: left;\"><p class=\"p1\"><span class=\"s1\"><b>Entra\u00eenement \u00e0 la voile (facultatif)<\/b><\/span>Si vous souhaitez naviguer, vous pouvez effectuer 16 heures de pratique suppl\u00e9mentaires ; cette qualification est valable pour tous les permis de navigation de plaisance. .<\/p><\/li><li><p class=\"p1\" style=\"text-align: left;\"><span class=\"s1\"><b>Tarifs et suppl\u00e9ments<\/b><\/span>Les frais d&#039;inscription ne comprennent pas les frais d&#039;examen ni l&#039;examen m\u00e9dical.<\/p><\/li><\/ul><h2><b>Liens utiles<\/b><\/h2><p class=\"p3\">Pour consulter les programmes officiels, les r\u00e8glements et les exemples d&#039;examens du cours de skipper de yacht, visitez la page d&#039;information de l&#039;\u00e9cole\u00a0: <a href=\"https:\/\/anclademia.com\/curso-patron-yate-barcelona\/\" target=\"_blank\" rel=\"noopener\"><span class=\"s4\"><b>Informations compl\u00e8tes sur PY<\/b><\/span><\/a>. Vous y trouverez des d\u00e9tails techniques, la l\u00e9gislation applicable et des comparaisons entre les qualifications.<\/p>\n\t\t\t\t\t<\/div>\n\t\t\t\t\t\t<\/div>\n\t\t\t\t<\/div>\n\t\t\t\t\t<\/div>\n\t\t\t\t<\/div>\n\t\t\t\t<\/div>","protected":false},"excerpt":{"rendered":"<p class=\"p1\">Passez au niveau sup\u00e9rieur avec la certification de skipper de yacht. L&#039;inscription en ligne comprend la th\u00e9orie, la pratique de la navigation hauturi\u00e8re et les d\u00e9marches administratives.<\/p>","protected":false},"featured_media":29770,"template":"","meta":[],"product_brand":[],"product_cat":[23],"product_tag":[],"class_list":{"0":"post-29066","1":"product","2":"type-product","3":"status-publish","4":"has-post-thumbnail","6":"product_cat-titulos-nauticos-de-recreo","8":"first","9":"instock","10":"taxable","11":"shipping-taxable","12":"purchasable","13":"product-type-variable"},"jetpack_sharing_enabled":true,"_links":{"self":[{"href":"https:\/\/tienda.anclademia.com\/fr\/wp-json\/wp\/v2\/product\/29066","targetHints":{"allow":["GET"]}}],"collection":[{"href":"https:\/\/tienda.anclademia.com\/fr\/wp-json\/wp\/v2\/product"}],"about":[{"href":"https:\/\/tienda.anclademia.com\/fr\/wp-json\/wp\/v2\/types\/product"}],"version-history":[{"count":13,"href":"https:\/\/tienda.anclademia.com\/fr\/wp-json\/wp\/v2\/product\/29066\/revisions"}],"predecessor-version":[{"id":30280,"href":"https:\/\/tienda.anclademia.com\/fr\/wp-json\/wp\/v2\/product\/29066\/revisions\/30280"}],"wp:featuredmedia":[{"embeddable":true,"href":"https:\/\/tienda.anclademia.com\/fr\/wp-json\/wp\/v2\/media\/29770"}],"wp:attachment":[{"href":"https:\/\/tienda.anclademia.com\/fr\/wp-json\/wp\/v2\/media?parent=29066"}],"wp:term":[{"taxonomy":"product_brand","embeddable":true,"href":"https:\/\/tienda.anclademia.com\/fr\/wp-json\/wp\/v2\/product_brand?post=29066"},{"taxonomy":"product_cat","embeddable":true,"href":"https:\/\/tienda.anclademia.com\/fr\/wp-json\/wp\/v2\/product_cat?post=29066"},{"taxonomy":"product_tag","embeddable":true,"href":"https:\/\/tienda.anclademia.com\/fr\/wp-json\/wp\/v2\/product_tag?post=29066"}],"curies":[{"name":"wp","href":"https:\/\/api.w.org\/{rel}","templated":true}]}}