{"id":29084,"date":"2026-01-11T17:44:49","date_gmt":"2026-01-11T17:44:49","guid":{"rendered":"https:\/\/tienda.anclademia.com\/?post_type=product&#038;p=29084"},"modified":"2026-03-24T15:10:33","modified_gmt":"2026-03-24T14:10:33","slug":"acheter-capitaine-de-yacht-cy","status":"publish","type":"product","link":"https:\/\/tienda.anclademia.com\/fr\/product\/acheter-capitaine-de-yacht-cy\/","title":{"rendered":"CY"},"content":{"rendered":"<div data-elementor-type=\"wp-post\" data-elementor-id=\"29084\" class=\"elementor elementor-29084\">\n\t\t\t\t<div class=\"wd-negative-gap elementor-element elementor-element-0f99096 wd-section-stretch e-flex e-con-boxed e-con e-parent\" data-id=\"0f99096\" data-element_type=\"container\" data-e-type=\"container\" data-settings=\"{&quot;background_background&quot;:&quot;classic&quot;}\">\n\t\t\t\t\t<div class=\"e-con-inner\">\n\t\t\t\t<div class=\"elementor-element elementor-element-016a350 wd-width-100 elementor-widget elementor-widget-wd_title\" data-id=\"016a350\" data-element_type=\"widget\" data-e-type=\"widget\" data-widget_type=\"wd_title.default\">\n\t\t\t\t<div class=\"elementor-widget-container\">\n\t\t\t\t\t\t\t<div class=\"title-wrapper wd-set-mb reset-last-child wd-title-color-primary wd-title-style-default wd-title-size-large text-center\">\n\n\t\t\t\n\t\t\t<div class=\"liner-continer\">\n\t\t\t\t<h1 class=\"woodmart-title-container title wd-fontsize-xxl\">Acheter un capitaine de yacht<\/h1> \n\t\t\t\t\t\t\t<\/div>\n\n\t\t\t\t\t<\/div>\n\t\t\t\t\t\t<\/div>\n\t\t\t\t<\/div>\n\t\t\t\t<div class=\"elementor-element elementor-element-43dd11f elementor-widget elementor-widget-wd_text_block\" data-id=\"43dd11f\" data-element_type=\"widget\" data-e-type=\"widget\" data-widget_type=\"wd_text_block.default\">\n\t\t\t\t<div class=\"elementor-widget-container\">\n\t\t\t\t\t\t\t<div class=\"wd-text-block reset-last-child text-center\">\n\t\t\t\n\t\t\t<h2><b>Capitaine de yacht \u2014 Inscription en ligne<\/b><\/h2><p class=\"p3\">Il <span class=\"s2\"><b>Capitaine de yacht (CY)<\/b><\/span> Il s&#039;agit du permis de navigation de plaisance de niveau le plus \u00e9lev\u00e9. Il vous permet de piloter des bateaux jusqu&#039;\u00e0 <span class=\"s2\"><b>24 m\u00e8tres de longueur<\/b><\/span> y <span class=\"s2\"><b>naviguez sans limites de distance<\/b><\/span>, permettant les travers\u00e9es oc\u00e9aniques, la navigation en haute mer, les croisi\u00e8res internationales et la planification avanc\u00e9e des itin\u00e9raires longue distance.<\/p><p class=\"p3\">Avec cet achat, vous faites le <span class=\"s2\"><b>inscription officielle<\/b><\/span> Pour obtenir votre certification de capitaine de yacht, nous vous garantissons une place \u00e0 la prochaine session d&#039;examen et un acc\u00e8s imm\u00e9diat aux supports de cours, au soutien p\u00e9dagogique et \u00e0 la gestion compl\u00e8te de vos documents. Notre \u00e9quipe vous accompagnera \u00e0 chaque \u00e9tape jusqu&#039;\u00e0 l&#039;obtention de votre certification.<\/p><h2><b>Ce qui est inclus dans l&#039;achat<\/b><\/h2><p class=\"p3\">L\u2019inscription \u00e0 CY comprend tout le n\u00e9cessaire pour se pr\u00e9parer et obtenir la qualification\u00a0:<\/p><ul><li><p class=\"p1\" style=\"text-align: left;\"><span class=\"s1\"><b>Formation th\u00e9orique compl\u00e8te<\/b><\/span>, en vue de l&#039;examen officiel\u00a0:<\/p><ul style=\"text-align: left;\"><li><p class=\"p1\">Navigation avanc\u00e9e et estim\u00e9e<\/p><\/li><li><p class=\"p1\">Navigation astronomique<\/p><\/li><li><p class=\"p1\">M\u00e9t\u00e9orologie avanc\u00e9e<\/p><\/li><li><p class=\"p1\">S\u00e9curit\u00e9 et communications maritimes<\/p><\/li><li><p class=\"p1\">planification des itin\u00e9raires et gestion de la navigation oc\u00e9anique<\/p><\/li><\/ul><p style=\"text-align: left;\">\u00a0<\/p><\/li><li><p class=\"p1\" style=\"text-align: left;\"><b>48 heures de formation obligatoire \u00e0 la navigation hauturi\u00e8re<\/b><span class=\"s1\">, effectu\u00e9 en transit continu.<\/span><\/p><p class=\"p2\" style=\"text-align: left;\">Vous y ferez :<\/p><ul><li><p class=\"p1\" style=\"text-align: left;\">navigation nocturne<\/p><\/li><li style=\"text-align: left;\"><p class=\"p1\">Prise en compte des retards, estimation du temps et positionnement<\/p><\/li><li style=\"text-align: left;\"><p class=\"p1\">Utilisation avanc\u00e9e de l&#039;\u00e9lectronique de navigation<\/p><\/li><li style=\"text-align: left;\"><p class=\"p1\">Man\u0153uvres de s\u00e9curit\u00e9 et veilles en mer<\/p><\/li><li style=\"text-align: left;\"><p class=\"p1\">Navigation astronomique royale \u00e0 bord<\/p><\/li><\/ul><p style=\"text-align: left;\">\u00a0<\/p><\/li><li><p class=\"p1\" style=\"text-align: left;\"><span class=\"s1\"><b>Acc\u00e8s aux ressources d&#039;apprentissage num\u00e9riques<\/b><\/span>, Cartes marines, exercices et banques de questions.<\/p><\/li><li style=\"text-align: left;\"><p class=\"p1\"><b>Simulations d&#039;examens et tutorat personnalis\u00e9<\/b><span class=\"s1\">.<\/span><\/p><\/li><li><p class=\"p1\" style=\"text-align: left;\"><span class=\"s1\"><b>Gestion administrative<\/b><\/span>, tant en termes de pratiques que de documentation \u00e0 soumettre \u00e0 l&#039;Administration.<\/p><\/li><\/ul><p class=\"p3\"><i>Note:<\/i> Les frais d&#039;examen et le certificat m\u00e9dical ne sont pas inclus.<\/p><h2><b>Exigences et certificat m\u00e9dical<\/b><\/h2><p class=\"p3\">Pour obtenir le titre de capitaine de yacht, vous devez\u00a0:<\/p><ul><li><p class=\"p1\" style=\"text-align: left;\"><span class=\"s1\">\u00catre <\/span><b>plus de 18 ans<\/b><span class=\"s1\">.<\/span><\/p><\/li><li style=\"text-align: left;\"><p class=\"p1\">Poss\u00e9der le titre <span class=\"s1\"><b>Capitaine de yacht (PY)<\/b><\/span> en vigueur.<\/p><\/li><li style=\"text-align: left;\"><p class=\"p1\"><span class=\"s1\"><b>R\u00e9ussir l&#039;examen th\u00e9orique officiel<\/b><\/span>, compos\u00e9 de 40 questions \u00e0 choix multiples.<\/p><\/li><li style=\"text-align: left;\"><p class=\"p1\"><span class=\"s1\">Effectuez le <\/span><b>48 heures de formation \u00e0 la navigation hauturi\u00e8re<\/b><span class=\"s1\">.<\/span><\/p><\/li><li><p class=\"p1\" style=\"text-align: left;\">Pr\u00e9sentez un <span class=\"s1\"><b>certificat m\u00e9dical nautique<\/b><\/span> conform\u00e9ment au d\u00e9cret royal 875\/2014, valable 90 jours.<\/p><p class=\"p1\">Si vous avez r\u00e9cemment renouvel\u00e9 votre permis de conduire, celui-ci peut \u00eatre valable comme document de remplacement (conform\u00e9ment aux instructions en vigueur).<\/p><\/li><\/ul><h2><b>Comment fonctionne le processus<\/b><\/h2><ol start=\"1\"><li><p class=\"p1\" style=\"text-align: left;\"><b>Achetez votre inscription en ligne<\/b><span class=\"s1\"> \u00e0 partir de cette page.<\/span><\/p><\/li><li style=\"text-align: left;\"><p class=\"p1\">Vous recevrez un courriel vous donnant acc\u00e8s au campus et aux supports de cours.<\/p><\/li><li style=\"text-align: left;\"><p class=\"p1\">Effectuez le <span class=\"s1\"><b>formation th\u00e9orique<\/b><\/span> en suivant le calendrier s\u00e9lectionn\u00e9.<\/p><\/li><li style=\"text-align: left;\"><p class=\"p1\">Planifiez votre <span class=\"s1\"><b>Stages obligatoires de 48 heures<\/b><\/span>: travers\u00e9e continue avec navigation r\u00e9elle jour et nuit.<\/p><\/li><li style=\"text-align: left;\"><p class=\"p1\">Nous vous pr\u00e9parons \u00e0 <span class=\"s1\"><b>examen officiel<\/b><\/span> avec des simulations, des exercices et des tutoriels.<\/p><\/li><li style=\"text-align: left;\"><p class=\"p1\">Une fois l&#039;examen r\u00e9ussi et la formation pratique termin\u00e9e, veuillez soumettre le certificat m\u00e9dical et les documents requis.<\/p><\/li><li><p class=\"p1\" style=\"text-align: left;\">Nous g\u00e9rons le <span class=\"s1\"><b>traitement du titre<\/b><\/span>, et vous recevrez votre accr\u00e9ditation officielle de capitaine de yacht.<\/p><\/li><\/ol><h2><b>Informations importantes<\/b><\/h2><ul><li><p class=\"p1\" style=\"text-align: left;\"><span class=\"s1\"><b>Allocation maximale pour les loisirs :<\/b><\/span> Navigation illimit\u00e9e en milles nautiques et commandement de navires jusqu&#039;\u00e0 24 m\u00e8tres de longueur.<\/p><\/li><li style=\"text-align: left;\"><p class=\"p1\"><span class=\"s1\"><b>Qualification professionnelle :<\/b><\/span> Le CY permet un acc\u00e8s ult\u00e9rieur aux certifications professionnelles (apr\u00e8s la formation STCW).<\/p><\/li><li style=\"text-align: left;\"><p class=\"p1\"><span class=\"s1\"><b>Validit\u00e9:<\/b><\/span> Le titre expire au bout de 10 ans ; pour le renouveler, il suffit de renouveler le certificat m\u00e9dical.<\/p><\/li><li style=\"text-align: left;\"><p class=\"p1\"><span class=\"s1\"><b>Modalit\u00e9s de formation :<\/b><\/span> Vous pouvez choisir entre des options en pr\u00e9sentiel, en ligne ou hybrides, selon vos disponibilit\u00e9s.<\/p><\/li><li><p class=\"p1\" style=\"text-align: left;\"><span class=\"s1\"><b>Pratique de la voile (facultatif) :<\/b><\/span> Si vous ne les avez pas termin\u00e9s dans les titres pr\u00e9c\u00e9dents, vous pouvez le faire pour vous qualifier \u00e9galement pour la voile.<\/p><\/li><\/ul><h2><b>Liens utiles<\/b><\/h2><p class=\"p3\">Pour une explication compl\u00e8te du programme, du r\u00e8glement et des exemples d&#039;examens, vous pouvez consulter la page d&#039;information de notre \u00e9cole nautique\u00a0:<\/p><p class=\"p4\"><a href=\"https:\/\/anclademia.com\/curso-capitan-yate-barcelona\/\" target=\"_blank\" rel=\"noopener\"><b>Informations compl\u00e8tes sur le capitaine du yacht<\/b><\/a><\/p>\n\t\t\t\t\t<\/div>\n\t\t\t\t\t\t<\/div>\n\t\t\t\t<\/div>\n\t\t\t\t\t<\/div>\n\t\t\t\t<\/div>\n\t\t\t\t<\/div>","protected":false},"excerpt":{"rendered":"<p class=\"p1\">Acc\u00e9dez au plus haut niveau de la voile de plaisance avec le cours de Capitaine de Yacht. Il comprend des cours th\u00e9oriques de navigation et des exercices pratiques au long cours. Inscrivez-vous en ligne d\u00e8s maintenant.<\/p>","protected":false},"featured_media":29773,"template":"","meta":[],"product_brand":[],"product_cat":[23],"product_tag":[],"class_list":{"0":"post-29084","1":"product","2":"type-product","3":"status-publish","4":"has-post-thumbnail","6":"product_cat-titulos-nauticos-de-recreo","8":"first","9":"instock","10":"taxable","11":"shipping-taxable","12":"purchasable","13":"product-type-variable"},"jetpack_sharing_enabled":true,"_links":{"self":[{"href":"https:\/\/tienda.anclademia.com\/fr\/wp-json\/wp\/v2\/product\/29084","targetHints":{"allow":["GET"]}}],"collection":[{"href":"https:\/\/tienda.anclademia.com\/fr\/wp-json\/wp\/v2\/product"}],"about":[{"href":"https:\/\/tienda.anclademia.com\/fr\/wp-json\/wp\/v2\/types\/product"}],"version-history":[{"count":10,"href":"https:\/\/tienda.anclademia.com\/fr\/wp-json\/wp\/v2\/product\/29084\/revisions"}],"predecessor-version":[{"id":30361,"href":"https:\/\/tienda.anclademia.com\/fr\/wp-json\/wp\/v2\/product\/29084\/revisions\/30361"}],"wp:featuredmedia":[{"embeddable":true,"href":"https:\/\/tienda.anclademia.com\/fr\/wp-json\/wp\/v2\/media\/29773"}],"wp:attachment":[{"href":"https:\/\/tienda.anclademia.com\/fr\/wp-json\/wp\/v2\/media?parent=29084"}],"wp:term":[{"taxonomy":"product_brand","embeddable":true,"href":"https:\/\/tienda.anclademia.com\/fr\/wp-json\/wp\/v2\/product_brand?post=29084"},{"taxonomy":"product_cat","embeddable":true,"href":"https:\/\/tienda.anclademia.com\/fr\/wp-json\/wp\/v2\/product_cat?post=29084"},{"taxonomy":"product_tag","embeddable":true,"href":"https:\/\/tienda.anclademia.com\/fr\/wp-json\/wp\/v2\/product_tag?post=29084"}],"curies":[{"name":"wp","href":"https:\/\/api.w.org\/{rel}","templated":true}]}}