{"id":29090,"date":"2026-01-11T17:53:08","date_gmt":"2026-01-11T17:53:08","guid":{"rendered":"https:\/\/tienda.anclademia.com\/?post_type=product&#038;p=29090"},"modified":"2026-01-31T14:46:01","modified_gmt":"2026-01-31T13:46:01","slug":"acheter-des-sms-doperateur-restreint","status":"publish","type":"product","link":"https:\/\/tienda.anclademia.com\/fr\/product\/acheter-des-sms-doperateur-restreint\/","title":{"rendered":"Op\u00e9rateur restreint SMSSM"},"content":{"rendered":"<div data-elementor-type=\"wp-post\" data-elementor-id=\"29090\" class=\"elementor elementor-29090\">\n\t\t\t\t<div class=\"wd-negative-gap elementor-element elementor-element-8a0eb68 wd-section-stretch e-flex e-con-boxed e-con e-parent\" data-id=\"8a0eb68\" data-element_type=\"container\" data-e-type=\"container\" data-settings=\"{&quot;background_background&quot;:&quot;classic&quot;}\">\n\t\t\t\t\t<div class=\"e-con-inner\">\n\t\t\t\t<div class=\"elementor-element elementor-element-90e5aab wd-width-100 elementor-widget elementor-widget-wd_title\" data-id=\"90e5aab\" data-element_type=\"widget\" data-e-type=\"widget\" data-widget_type=\"wd_title.default\">\n\t\t\t\t<div class=\"elementor-widget-container\">\n\t\t\t\t\t\t\t<div class=\"title-wrapper wd-set-mb reset-last-child wd-title-color-primary wd-title-style-default wd-title-size-large text-center\">\n\n\t\t\t\n\t\t\t<div class=\"liner-continer\">\n\t\t\t\t<h1 class=\"woodmart-title-container title wd-fontsize-xxl\">Achat restreint d&#039;op\u00e9rateur SMSSM<\/h1> \n\t\t\t\t\t\t\t<\/div>\n\n\t\t\t\t\t<\/div>\n\t\t\t\t\t\t<\/div>\n\t\t\t\t<\/div>\n\t\t\t\t<div class=\"elementor-element elementor-element-ca817d8 elementor-widget elementor-widget-wd_text_block\" data-id=\"ca817d8\" data-element_type=\"widget\" data-e-type=\"widget\" data-widget_type=\"wd_text_block.default\">\n\t\t\t\t<div class=\"elementor-widget-container\">\n\t\t\t\t\t\t\t<div class=\"wd-text-block reset-last-child text-center\">\n\t\t\t\n\t\t\t<h1><b>Op\u00e9rateur restreint SMSSM \u2014 Inscription en ligne<\/b><\/h1><p class=\"p3\">Il <span class=\"s2\"><b>Op\u00e9rateur restreint du Syst\u00e8me mondial de d\u00e9tresse et de s\u00e9curit\u00e9 en mer (SMDSM)<\/b><\/span> Il s&#039;agit du certificat professionnel obligatoire pour travailler comme skipper ou membre d&#039;\u00e9quipage responsable des communications radio sur les navires naviguant en <span class=\"s2\"><b>zone A1<\/b><\/span> (Couverture VHF avec appels ASN). Cette licence autorise l&#039;utilisation d&#039;\u00e9quipements radio essentiels pour les communications de d\u00e9tresse, d&#039;urgence et de s\u00e9curit\u00e9, ainsi que pour les syst\u00e8mes d&#039;alerte c\u00f4ti\u00e8re et maritime.<\/p><p class=\"p3\">Avec cet achat, vous faites le <span class=\"s2\"><b>inscription en ligne<\/b><\/span> pour obtenir le certificat de <span class=\"s2\"><b>Op\u00e9rateur restreint SMSSM<\/b><\/span>, Nous vous garantissons une place pour la prochaine \u00e9tape. Notre \u00e9quipe vous donnera acc\u00e8s aux supports de formation, coordonnera votre stage officiel et vous accompagnera tout au long du processus jusqu&#039;\u00e0 la r\u00e9ussite de votre examen et l&#039;obtention de votre certification professionnelle.<\/p><h2><b>Ce qui est inclus dans l&#039;achat<\/b><\/h2><p class=\"p3\">L&#039;enregistrement d&#039;op\u00e9rateur restreint SMSSM comprend\u00a0:<\/p><ul><li><p class=\"p1\" style=\"text-align: left;\"><span class=\"s1\"><b>formation th\u00e9orique professionnelle<\/b><\/span>, dispens\u00e9s par des instructeurs certifi\u00e9s, et ax\u00e9s sur\u00a0:<\/p><ul><li><p class=\"p1\" style=\"text-align: left;\">communications maritimes en bande VHF<\/p><\/li><li style=\"text-align: left;\"><p class=\"p1\">Syst\u00e8me d&#039;appel s\u00e9lectif num\u00e9rique (ASN)<\/p><\/li><li style=\"text-align: left;\"><p class=\"p1\">Protocoles d&#039;urgence, de sauvetage et de s\u00e9curit\u00e9<\/p><\/li><li style=\"text-align: left;\"><p class=\"p1\">Syst\u00e8mes NAVTEX, EPIRB et SART<\/p><\/li><li style=\"text-align: left;\"><p class=\"p1\">Proc\u00e9dures de recherche et de sauvetage et coordination d&#039;urgence<\/p><\/li><li style=\"text-align: left;\"><p class=\"p1\">R\u00e9glementation internationale relative au SMDSM<\/p><\/li><\/ul><p style=\"text-align: left;\">\u00a0<\/p><\/li><li><p class=\"p1\" style=\"text-align: left;\"><b>Formation officielle obligatoire sur simulateur SMDSM<\/b><b><\/b><\/p><p class=\"p2\" style=\"text-align: left;\">Manipulation r\u00e9aliste du mat\u00e9riel en situation d&#039;urgence\u00a0:<\/p><ul style=\"text-align: left;\"><li><p class=\"p1\">\u00c9mission et r\u00e9ception d&#039;alarmes de d\u00e9tresse<\/p><\/li><li><p class=\"p1\">Communications avec les stations c\u00f4ti\u00e8res<\/p><\/li><li><p class=\"p1\">Gestion des appels de s\u00e9curit\u00e9<\/p><\/li><li><p class=\"p1\">\u00c9change de messages via DSC<\/p><\/li><li><p class=\"p1\">Proc\u00e9dures \u00e0 suivre en cas de panne d&#039;\u00e9quipement<\/p><\/li><\/ul><p style=\"text-align: left;\">\u00a0<\/p><\/li><li><p class=\"p1\" style=\"text-align: left;\"><span class=\"s1\"><b>Ressources p\u00e9dagogiques num\u00e9riques<\/b><\/span> avec des manuels, des exercices, des tests et des simulations d&#039;examens.<\/p><\/li><li style=\"text-align: left;\"><p class=\"p1\"><span class=\"s1\"><b>Acc\u00e8s au campus en ligne<\/b><\/span>, avec des classes, une documentation et des ressources mises \u00e0 jour.<\/p><\/li><li style=\"text-align: left;\"><p class=\"p1\"><span class=\"s1\"><b>tutorat personnalis\u00e9<\/b><\/span> pour dissiper les doutes techniques et se pr\u00e9parer \u00e0 l&#039;examen professionnel.<\/p><\/li><li><p class=\"p1\" style=\"text-align: left;\"><b>Gestion administrative compl\u00e8te<\/b><b><\/b><\/p><p class=\"p2\" style=\"text-align: left;\">Conseils sur l&#039;inscription \u00e0 l&#039;examen, examen des exigences et traitement du certificat une fois l&#039;examen r\u00e9ussi.<\/p><\/li><\/ul><blockquote><i>Cela n&#039;inclut pas les frais d&#039;examen officiel ni l&#039;\u00e9valuation m\u00e9dicale professionnelle STCW.<\/i><i><\/i><\/blockquote><h2><b>Exigences et certification<\/b><\/h2><p class=\"p3\">Pour obtenir le certificat d&#039;op\u00e9rateur restreint SMSSM, vous devez satisfaire aux exigences suivantes\u00a0:<\/p><ul><li><p class=\"p1\" style=\"text-align: left;\"><span class=\"s1\">\u00catre <\/span><b>plus de 18 ans<\/b><span class=\"s1\">.<\/span><\/p><\/li><li style=\"text-align: left;\"><p class=\"p1\">Introduire <span class=\"s1\"><b>Examen m\u00e9dical maritime<\/b><\/span> valable (conform\u00e9ment \u00e0 la r\u00e9glementation relative \u00e0 la formation professionnelle maritime).<\/p><\/li><li><p class=\"p1\" style=\"text-align: left;\">Surmonter le <span class=\"s1\"><b>examen th\u00e9orique et pratique officiel<\/b><\/span>, qui \u00e9value l&#039;utilisation du syst\u00e8me DSC, les communications de d\u00e9tresse, la manipulation du mat\u00e9riel et les protocoles SMDSM.<\/p><\/li><\/ul><p class=\"p3\">Ce certificat professionnel b\u00e9n\u00e9ficie d&#039;une reconnaissance internationale conform\u00e9ment aux <span class=\"s2\"><b>Convention STCW<\/b><\/span>, ce qui permet de travailler sur des navires commerciaux naviguant dans la zone A1.<\/p><h2><b>Comment fonctionne le processus<\/b><\/h2><ol start=\"1\"><li><p class=\"p1\" style=\"text-align: left;\"><span class=\"s1\"><b>Achetez votre inscription en ligne<\/b><\/span> depuis cette page (paiement s\u00e9curis\u00e9).<\/p><\/li><li style=\"text-align: left;\"><p class=\"p1\">Recevez un e-mail contenant le <span class=\"s1\"><b>prochaines \u00e9tapes<\/b><\/span>, acc\u00e8s au campus et documents requis.<\/p><\/li><li style=\"text-align: left;\"><p class=\"p1\">Effectuez le <span class=\"s1\"><b>formation th\u00e9orique<\/b><\/span>, en personne ou en ligne selon l&#039;appel \u00e0 candidatures.<\/p><\/li><li style=\"text-align: left;\"><p class=\"p1\">Compl\u00e9tez le <span class=\"s1\"><b>entra\u00eenement sur simulateur SMSSM<\/b><\/span>, requis pour pouvoir passer l&#039;examen.<\/p><\/li><li style=\"text-align: left;\"><p class=\"p1\"><span class=\"s1\">Nous vous aidons \u00e0 g\u00e9rer votre <\/span><b>inscription \u00e0 l&#039;examen professionnel<\/b><span class=\"s1\">.<\/span><\/p><\/li><li style=\"text-align: left;\"><p class=\"p1\">Une fois l&#039;examen r\u00e9ussi, soumettez le certificat m\u00e9dical et les documents requis.<\/p><\/li><li><p class=\"p1\" style=\"text-align: left;\"><span class=\"s1\">Nous traitons le <\/span><b>D\u00e9livrance du certificat d&#039;op\u00e9rateur restreint SMSSM<\/b><span class=\"s1\">.<\/span><\/p><\/li><\/ol><h2><b>Informations importantes<\/b><\/h2><ul><li><p class=\"p1\" style=\"text-align: left;\">Le certificat permet le fonctionnement des \u00e9quipements radio SMDSM en <span class=\"s1\"><b>zone A1<\/b><\/span> (Couverture VHF-DSC).<\/p><\/li><li style=\"text-align: left;\"><p class=\"p1\"><span class=\"s1\">Il est obligatoire de travailler dans <\/span><b>navires commerciaux, navires \u00e0 passagers, yachts professionnels et navires soumis \u00e0 la r\u00e9glementation<\/b><span class=\"s1\"> dans la zone c\u00f4ti\u00e8re.<\/span><\/p><\/li><li style=\"text-align: left;\"><p class=\"p1\">C&#039;est une exigence courante pour des postes tels que skipper professionnel, membre d&#039;\u00e9quipage, matelot ou officier de communication.<\/p><\/li><li style=\"text-align: left;\"><p class=\"p1\">Le certificat a <span class=\"s1\"><b>validit\u00e9 de 5 ans<\/b><\/span>, et doit \u00eatre renouvel\u00e9e par le biais d&#039;un cours de recyclage.<\/p><\/li><li><p class=\"p1\" style=\"text-align: left;\">Si vous devez op\u00e9rer en dehors de la zone A1 ou sur des navires soumis \u00e0 la r\u00e9glementation internationale SOLAS, vous devrez obtenir le certificat de <span class=\"s1\"><b>Op\u00e9rateur g\u00e9n\u00e9ral SMSSM<\/b><\/span>.<\/p><\/li><\/ul><h2><b>Liens utiles<\/b><\/h2><p class=\"p3\">Vous trouverez plus de d\u00e9tails sur le programme, le r\u00e8glement et les exigences professionnelles sur la page d&#039;information de notre \u00e9cole\u00a0:<\/p><p class=\"p5\"><a href=\"https:\/\/anclademia.com\/operador-restringido-smssm\/\" target=\"_blank\" rel=\"noopener\"><b>Informations compl\u00e8tes sur l&#039;op\u00e9rateur restreint SMSSM<\/b><\/a><\/p>\n\t\t\t\t\t<\/div>\n\t\t\t\t\t\t<\/div>\n\t\t\t\t<\/div>\n\t\t\t\t\t<\/div>\n\t\t\t\t<\/div>\n\t\t\t\t<\/div>","protected":false},"excerpt":{"rendered":"<p class=\"p1\">Certificat requis pour les skippers professionnels en zones c\u00f4ti\u00e8res (A1). Comprend la th\u00e9orie et la pratique des radiocommunications.<\/p>","protected":false},"featured_media":29798,"template":"","meta":[],"product_brand":[],"product_cat":[30],"product_tag":[],"class_list":{"0":"post-29090","1":"product","2":"type-product","3":"status-publish","4":"has-post-thumbnail","6":"product_cat-titulos-nauticos-profesionales","8":"first","9":"instock","10":"virtual","11":"taxable","12":"purchasable","13":"product-type-simple"},"jetpack_sharing_enabled":true,"_links":{"self":[{"href":"https:\/\/tienda.anclademia.com\/fr\/wp-json\/wp\/v2\/product\/29090","targetHints":{"allow":["GET"]}}],"collection":[{"href":"https:\/\/tienda.anclademia.com\/fr\/wp-json\/wp\/v2\/product"}],"about":[{"href":"https:\/\/tienda.anclademia.com\/fr\/wp-json\/wp\/v2\/types\/product"}],"version-history":[{"count":13,"href":"https:\/\/tienda.anclademia.com\/fr\/wp-json\/wp\/v2\/product\/29090\/revisions"}],"predecessor-version":[{"id":30397,"href":"https:\/\/tienda.anclademia.com\/fr\/wp-json\/wp\/v2\/product\/29090\/revisions\/30397"}],"wp:featuredmedia":[{"embeddable":true,"href":"https:\/\/tienda.anclademia.com\/fr\/wp-json\/wp\/v2\/media\/29798"}],"wp:attachment":[{"href":"https:\/\/tienda.anclademia.com\/fr\/wp-json\/wp\/v2\/media?parent=29090"}],"wp:term":[{"taxonomy":"product_brand","embeddable":true,"href":"https:\/\/tienda.anclademia.com\/fr\/wp-json\/wp\/v2\/product_brand?post=29090"},{"taxonomy":"product_cat","embeddable":true,"href":"https:\/\/tienda.anclademia.com\/fr\/wp-json\/wp\/v2\/product_cat?post=29090"},{"taxonomy":"product_tag","embeddable":true,"href":"https:\/\/tienda.anclademia.com\/fr\/wp-json\/wp\/v2\/product_tag?post=29090"}],"curies":[{"name":"wp","href":"https:\/\/api.w.org\/{rel}","templated":true}]}}