{"id":29102,"date":"2026-01-11T17:57:31","date_gmt":"2026-01-11T17:57:31","guid":{"rendered":"https:\/\/tienda.anclademia.com\/?post_type=product&#038;p=29102"},"modified":"2026-01-31T15:18:57","modified_gmt":"2026-01-31T14:18:57","slug":"acheter-du-materiel-de-lutte-contre-lincendie-de-pointe","status":"publish","type":"product","link":"https:\/\/tienda.anclademia.com\/fr\/product\/acheter-du-materiel-de-lutte-contre-lincendie-de-pointe\/","title":{"rendered":"Lutte contre les incendies avanc\u00e9e"},"content":{"rendered":"<div data-elementor-type=\"wp-post\" data-elementor-id=\"29102\" class=\"elementor elementor-29102\">\n\t\t\t\t<div class=\"wd-negative-gap elementor-element elementor-element-2698f47 wd-section-stretch e-flex e-con-boxed e-con e-parent\" data-id=\"2698f47\" data-element_type=\"container\" data-e-type=\"container\" data-settings=\"{&quot;background_background&quot;:&quot;classic&quot;}\">\n\t\t\t\t\t<div class=\"e-con-inner\">\n\t\t\t\t<div class=\"elementor-element elementor-element-f71ec8b wd-width-100 elementor-widget elementor-widget-wd_title\" data-id=\"f71ec8b\" data-element_type=\"widget\" data-e-type=\"widget\" data-widget_type=\"wd_title.default\">\n\t\t\t\t<div class=\"elementor-widget-container\">\n\t\t\t\t\t\t\t<div class=\"title-wrapper wd-set-mb reset-last-child wd-title-color-primary wd-title-style-default wd-title-size-large text-center\">\n\n\t\t\t\n\t\t\t<div class=\"liner-continer\">\n\t\t\t\t<h1 class=\"woodmart-title-container title wd-fontsize-xxl\">Acheter une formation avanc\u00e9e de lutte contre l&#039;incendie (STCW)<\/h1> \n\t\t\t\t\t\t\t<\/div>\n\n\t\t\t\t\t<\/div>\n\t\t\t\t\t\t<\/div>\n\t\t\t\t<\/div>\n\t\t\t\t<div class=\"elementor-element elementor-element-129dd31 elementor-widget elementor-widget-wd_text_block\" data-id=\"129dd31\" data-element_type=\"widget\" data-e-type=\"widget\" data-widget_type=\"wd_text_block.default\">\n\t\t\t\t<div class=\"elementor-widget-container\">\n\t\t\t\t\t\t\t<div class=\"wd-text-block reset-last-child text-center\">\n\t\t\t\n\t\t\t<h2><b>Lutte avanc\u00e9e contre les incendies \u2014 Inscription en ligne<\/b><\/h2><p class=\"p3\">Sp\u00e9cialisation STCW pour exercer les fonctions de chef de pompiers, de membre de brigade ou de responsable des situations d&#039;urgence.<\/p><h2><b>Ce qui est inclus<\/b><\/h2><ul><li><p class=\"p1\" style=\"text-align: left;\">Th\u00e9orie avanc\u00e9e<\/p><\/li><li style=\"text-align: left;\"><p class=\"p1\">Utilisation de l&#039;ERA<\/p><\/li><li style=\"text-align: left;\"><p class=\"p1\">entra\u00eenement au tir r\u00e9el<\/p><\/li><li style=\"text-align: left;\"><p class=\"p1\">Lutte contre l&#039;incendie dans les espaces confin\u00e9s<\/p><\/li><li style=\"text-align: left;\"><p class=\"p1\">Traitement STCW<\/p><\/li><\/ul><h2><b>Exigences<\/b><\/h2><ul><li><p class=\"p1\" style=\"text-align: left;\">Formation de base<\/p><\/li><li><p class=\"p1\" style=\"text-align: left;\">examen m\u00e9dical<\/p><\/li><\/ul><h2><b>Informations importantes<\/b><\/h2><ul><li><p class=\"p1\" style=\"text-align: left;\">Valable pendant 5 ans<\/p><\/li><\/ul>\n\t\t\t\t\t<\/div>\n\t\t\t\t\t\t<\/div>\n\t\t\t\t<\/div>\n\t\t\t\t\t<\/div>\n\t\t\t\t<\/div>\n\t\t\t\t<\/div>","protected":false},"excerpt":{"rendered":"<p class=\"p1\">Formation obligatoire pour les officiers et les \u00e9quipages responsables des situations d&#039;urgence. Exercices de tir r\u00e9el avec incendie et mat\u00e9riel.<\/p>","protected":false},"featured_media":29781,"template":"","meta":[],"product_brand":[],"product_cat":[30],"product_tag":[],"class_list":{"0":"post-29102","1":"product","2":"type-product","3":"status-publish","4":"has-post-thumbnail","6":"product_cat-titulos-nauticos-profesionales","8":"first","9":"instock","10":"virtual","11":"taxable","12":"purchasable","13":"product-type-simple"},"jetpack_sharing_enabled":true,"_links":{"self":[{"href":"https:\/\/tienda.anclademia.com\/fr\/wp-json\/wp\/v2\/product\/29102","targetHints":{"allow":["GET"]}}],"collection":[{"href":"https:\/\/tienda.anclademia.com\/fr\/wp-json\/wp\/v2\/product"}],"about":[{"href":"https:\/\/tienda.anclademia.com\/fr\/wp-json\/wp\/v2\/types\/product"}],"version-history":[{"count":10,"href":"https:\/\/tienda.anclademia.com\/fr\/wp-json\/wp\/v2\/product\/29102\/revisions"}],"predecessor-version":[{"id":30425,"href":"https:\/\/tienda.anclademia.com\/fr\/wp-json\/wp\/v2\/product\/29102\/revisions\/30425"}],"wp:featuredmedia":[{"embeddable":true,"href":"https:\/\/tienda.anclademia.com\/fr\/wp-json\/wp\/v2\/media\/29781"}],"wp:attachment":[{"href":"https:\/\/tienda.anclademia.com\/fr\/wp-json\/wp\/v2\/media?parent=29102"}],"wp:term":[{"taxonomy":"product_brand","embeddable":true,"href":"https:\/\/tienda.anclademia.com\/fr\/wp-json\/wp\/v2\/product_brand?post=29102"},{"taxonomy":"product_cat","embeddable":true,"href":"https:\/\/tienda.anclademia.com\/fr\/wp-json\/wp\/v2\/product_cat?post=29102"},{"taxonomy":"product_tag","embeddable":true,"href":"https:\/\/tienda.anclademia.com\/fr\/wp-json\/wp\/v2\/product_tag?post=29102"}],"curies":[{"name":"wp","href":"https:\/\/api.w.org\/{rel}","templated":true}]}}