{"id":29106,"date":"2026-01-11T17:58:26","date_gmt":"2026-01-11T17:58:26","guid":{"rendered":"https:\/\/tienda.anclademia.com\/?post_type=product&#038;p=29106"},"modified":"2026-01-31T15:28:02","modified_gmt":"2026-01-31T14:28:02","slug":"acheter-capitaine-de-port","status":"publish","type":"product","link":"https:\/\/tienda.anclademia.com\/fr\/product\/acheter-capitaine-de-port\/","title":{"rendered":"Capitaine du port"},"content":{"rendered":"<div data-elementor-type=\"wp-post\" data-elementor-id=\"29106\" class=\"elementor elementor-29106\">\n\t\t\t\t<div class=\"wd-negative-gap elementor-element elementor-element-5ceb8e6 wd-section-stretch e-flex e-con-boxed e-con e-parent\" data-id=\"5ceb8e6\" data-element_type=\"container\" data-e-type=\"container\" data-settings=\"{&quot;background_background&quot;:&quot;classic&quot;}\">\n\t\t\t\t\t<div class=\"e-con-inner\">\n\t\t\t\t<div class=\"elementor-element elementor-element-82bdfa6 wd-width-100 elementor-widget elementor-widget-wd_title\" data-id=\"82bdfa6\" data-element_type=\"widget\" data-e-type=\"widget\" data-widget_type=\"wd_title.default\">\n\t\t\t\t<div class=\"elementor-widget-container\">\n\t\t\t\t\t\t\t<div class=\"title-wrapper wd-set-mb reset-last-child wd-title-color-primary wd-title-style-default wd-title-size-large text-center\">\n\n\t\t\t\n\t\t\t<div class=\"liner-continer\">\n\t\t\t\t<h1 class=\"woodmart-title-container title wd-fontsize-xxl\">Acheter Port Captain<\/h1> \n\t\t\t\t\t\t\t<\/div>\n\n\t\t\t\t\t<\/div>\n\t\t\t\t\t\t<\/div>\n\t\t\t\t<\/div>\n\t\t\t\t<div class=\"elementor-element elementor-element-f0c2bf2 elementor-widget elementor-widget-wd_text_block\" data-id=\"f0c2bf2\" data-element_type=\"widget\" data-e-type=\"widget\" data-widget_type=\"wd_text_block.default\">\n\t\t\t\t<div class=\"elementor-widget-container\">\n\t\t\t\t\t\t\t<div class=\"wd-text-block reset-last-child text-center\">\n\t\t\t\n\t\t\t<h2><b>Capitaine de port \u2014 Inscription en ligne<\/b><\/h2><p class=\"p3\">Formation professionnelle pour la conduite de navires jusqu&#039;\u00e0 <span class=\"s2\"><b>100 GT<\/b><\/span> et naviguer vers <span class=\"s2\"><b>5 miles<\/b><\/span> d&#039;un port. Il dispense une formation aux man\u0153uvres, au remorquage, au transport et aux op\u00e9rations portuaires.<\/p><h2><b>Ce qui est inclus<\/b><\/h2><ul><li><p class=\"p1\" style=\"text-align: left;\">Th\u00e9orie professionnelle (navigation, m\u00e9t\u00e9orologie, machines, s\u00e9curit\u00e9)<\/p><\/li><li style=\"text-align: left;\"><p class=\"p1\">Formation officielle \u00e0 bord<\/p><\/li><li style=\"text-align: left;\"><p class=\"p1\">Man\u0153uvres royales dans le port<\/p><\/li><li style=\"text-align: left;\"><p class=\"p1\">Mat\u00e9riel num\u00e9rique<\/p><\/li><li><p class=\"p1\" style=\"text-align: left;\">Traitement des certificats<\/p><\/li><\/ul><h2><b>Exigences<\/b><\/h2><ul><li><p class=\"p1\" style=\"text-align: left;\">Formation de base<\/p><\/li><li style=\"text-align: left;\"><p class=\"p1\">examen m\u00e9dical<\/p><\/li><li><p class=\"p1\" style=\"text-align: left;\">Autres certificats STCW conform\u00e9ment \u00e0 la r\u00e9glementation<\/p><\/li><\/ul>\n\t\t\t\t\t<\/div>\n\t\t\t\t\t\t<\/div>\n\t\t\t\t<\/div>\n\t\t\t\t\t<\/div>\n\t\t\t\t<\/div>\n\t\t\t\t<\/div>","protected":false},"excerpt":{"rendered":"<p class=\"p1\">Qualification professionnelle permettant de commander des navires jusqu&#039;\u00e0 100 GT et d&#039;effectuer des man\u0153uvres portuaires.<\/p>","protected":false},"featured_media":29810,"template":"","meta":[],"product_brand":[],"product_cat":[30],"product_tag":[],"class_list":{"0":"post-29106","1":"product","2":"type-product","3":"status-publish","4":"has-post-thumbnail","6":"product_cat-titulos-nauticos-profesionales","8":"first","9":"instock","10":"virtual","11":"taxable","12":"purchasable","13":"product-type-simple"},"jetpack_sharing_enabled":true,"_links":{"self":[{"href":"https:\/\/tienda.anclademia.com\/fr\/wp-json\/wp\/v2\/product\/29106","targetHints":{"allow":["GET"]}}],"collection":[{"href":"https:\/\/tienda.anclademia.com\/fr\/wp-json\/wp\/v2\/product"}],"about":[{"href":"https:\/\/tienda.anclademia.com\/fr\/wp-json\/wp\/v2\/types\/product"}],"version-history":[{"count":10,"href":"https:\/\/tienda.anclademia.com\/fr\/wp-json\/wp\/v2\/product\/29106\/revisions"}],"predecessor-version":[{"id":30442,"href":"https:\/\/tienda.anclademia.com\/fr\/wp-json\/wp\/v2\/product\/29106\/revisions\/30442"}],"wp:featuredmedia":[{"embeddable":true,"href":"https:\/\/tienda.anclademia.com\/fr\/wp-json\/wp\/v2\/media\/29810"}],"wp:attachment":[{"href":"https:\/\/tienda.anclademia.com\/fr\/wp-json\/wp\/v2\/media?parent=29106"}],"wp:term":[{"taxonomy":"product_brand","embeddable":true,"href":"https:\/\/tienda.anclademia.com\/fr\/wp-json\/wp\/v2\/product_brand?post=29106"},{"taxonomy":"product_cat","embeddable":true,"href":"https:\/\/tienda.anclademia.com\/fr\/wp-json\/wp\/v2\/product_cat?post=29106"},{"taxonomy":"product_tag","embeddable":true,"href":"https:\/\/tienda.anclademia.com\/fr\/wp-json\/wp\/v2\/product_tag?post=29106"}],"curies":[{"name":"wp","href":"https:\/\/api.w.org\/{rel}","templated":true}]}}