{"id":29110,"date":"2026-01-11T17:59:37","date_gmt":"2026-01-11T17:59:37","guid":{"rendered":"https:\/\/tienda.anclademia.com\/?post_type=product&#038;p=29110"},"modified":"2026-01-31T15:08:58","modified_gmt":"2026-01-31T14:08:58","slug":"acheter-des-navires-a-passagers","status":"publish","type":"product","link":"https:\/\/tienda.anclademia.com\/fr\/product\/acheter-des-navires-a-passagers\/","title":{"rendered":"navires \u00e0 passagers"},"content":{"rendered":"<div data-elementor-type=\"wp-post\" data-elementor-id=\"29110\" class=\"elementor elementor-29110\">\n\t\t\t\t<div class=\"wd-negative-gap elementor-element elementor-element-8c05929 wd-section-stretch e-flex e-con-boxed e-con e-parent\" data-id=\"8c05929\" data-element_type=\"container\" data-e-type=\"container\" data-settings=\"{&quot;background_background&quot;:&quot;classic&quot;}\">\n\t\t\t\t\t<div class=\"e-con-inner\">\n\t\t\t\t<div class=\"elementor-element elementor-element-6afd872 wd-width-100 elementor-widget elementor-widget-wd_title\" data-id=\"6afd872\" data-element_type=\"widget\" data-e-type=\"widget\" data-widget_type=\"wd_title.default\">\n\t\t\t\t<div class=\"elementor-widget-container\">\n\t\t\t\t\t\t\t<div class=\"title-wrapper wd-set-mb reset-last-child wd-title-color-primary wd-title-style-default wd-title-size-large text-center\">\n\n\t\t\t\n\t\t\t<div class=\"liner-continer\">\n\t\t\t\t<h1 class=\"woodmart-title-container title wd-fontsize-xxl\">Achat d&#039;une formation pour navires \u00e0 passagers (STCW)<\/h1> \n\t\t\t\t\t\t\t<\/div>\n\n\t\t\t\t\t<\/div>\n\t\t\t\t\t\t<\/div>\n\t\t\t\t<\/div>\n\t\t\t\t<div class=\"elementor-element elementor-element-2c68d7d elementor-widget elementor-widget-wd_text_block\" data-id=\"2c68d7d\" data-element_type=\"widget\" data-e-type=\"widget\" data-widget_type=\"wd_text_block.default\">\n\t\t\t\t<div class=\"elementor-widget-container\">\n\t\t\t\t\t\t\t<div class=\"wd-text-block reset-last-child text-center\">\n\t\t\t\n\t\t\t<h2><b>Navires \u00e0 passagers \u2014 Inscription en ligne<\/b><\/h2><p class=\"p3\">Le certificat de <span class=\"s2\"><b>navires \u00e0 passagers<\/b><\/span> Il est n\u00e9cessaire de travailler sur les ferries, les bateaux de tourisme et les navires transportant des personnes.<\/p><h2><b>Ce qui est inclus dans l&#039;achat<\/b><\/h2><ul><li><p class=\"p1\" style=\"text-align: left;\">Gestion des foules<\/p><\/li><li style=\"text-align: left;\"><p class=\"p1\">Gestion des urgences et contr\u00f4le des passagers<\/p><\/li><li style=\"text-align: left;\"><p class=\"p1\">Proc\u00e9dures d&#039;\u00e9vacuation<\/p><\/li><li style=\"text-align: left;\"><p class=\"p1\">Exercices pratiques et simulations<\/p><\/li><li style=\"text-align: left;\"><p class=\"p1\">Ressources num\u00e9riques + tutorat<\/p><\/li><li><p class=\"p1\" style=\"text-align: left;\">Traitement STCW<\/p><\/li><\/ul><h2><b>Exigences<\/b><\/h2><ul><li><p class=\"p1\" style=\"text-align: left;\">Formation de base en s\u00e9curit\u00e9<\/p><\/li><li><p class=\"p1\" style=\"text-align: left;\">Examen m\u00e9dical maritime<\/p><\/li><\/ul><h2><b>Comment \u00e7a marche<\/b><\/h2><p class=\"p3\">Achat \u2192 Acc\u00e8s \u2192 Formation \u2192 Stages \u2192 Certificat<\/p><h2><b>Informations importantes<\/b><\/h2><ul><li><p class=\"p1\" style=\"text-align: left;\">Validit\u00e9 : 5 ans<\/p><\/li><\/ul><p>\u00a0<\/p>\n\t\t\t\t\t<\/div>\n\t\t\t\t\t\t<\/div>\n\t\t\t\t<\/div>\n\t\t\t\t\t<\/div>\n\t\t\t\t<\/div>\n\t\t\t\t<\/div>","protected":false},"excerpt":{"rendered":"<p class=\"p1\">Certificat obligatoire pour travailler sur les ferries et les navires \u00e0 passagers. Vous apprendrez les proc\u00e9dures de gestion des urgences et d&#039;\u00e9vacuation.<\/p>","protected":false},"featured_media":29793,"template":"","meta":[],"product_brand":[],"product_cat":[30],"product_tag":[],"class_list":{"0":"post-29110","1":"product","2":"type-product","3":"status-publish","4":"has-post-thumbnail","6":"product_cat-titulos-nauticos-profesionales","8":"first","9":"instock","10":"virtual","11":"taxable","12":"purchasable","13":"product-type-simple"},"jetpack_sharing_enabled":true,"_links":{"self":[{"href":"https:\/\/tienda.anclademia.com\/fr\/wp-json\/wp\/v2\/product\/29110","targetHints":{"allow":["GET"]}}],"collection":[{"href":"https:\/\/tienda.anclademia.com\/fr\/wp-json\/wp\/v2\/product"}],"about":[{"href":"https:\/\/tienda.anclademia.com\/fr\/wp-json\/wp\/v2\/types\/product"}],"version-history":[{"count":10,"href":"https:\/\/tienda.anclademia.com\/fr\/wp-json\/wp\/v2\/product\/29110\/revisions"}],"predecessor-version":[{"id":30415,"href":"https:\/\/tienda.anclademia.com\/fr\/wp-json\/wp\/v2\/product\/29110\/revisions\/30415"}],"wp:featuredmedia":[{"embeddable":true,"href":"https:\/\/tienda.anclademia.com\/fr\/wp-json\/wp\/v2\/media\/29793"}],"wp:attachment":[{"href":"https:\/\/tienda.anclademia.com\/fr\/wp-json\/wp\/v2\/media?parent=29110"}],"wp:term":[{"taxonomy":"product_brand","embeddable":true,"href":"https:\/\/tienda.anclademia.com\/fr\/wp-json\/wp\/v2\/product_brand?post=29110"},{"taxonomy":"product_cat","embeddable":true,"href":"https:\/\/tienda.anclademia.com\/fr\/wp-json\/wp\/v2\/product_cat?post=29110"},{"taxonomy":"product_tag","embeddable":true,"href":"https:\/\/tienda.anclademia.com\/fr\/wp-json\/wp\/v2\/product_tag?post=29110"}],"curies":[{"name":"wp","href":"https:\/\/api.w.org\/{rel}","templated":true}]}}