{"id":30443,"date":"2026-01-31T15:32:20","date_gmt":"2026-01-31T14:32:20","guid":{"rendered":"https:\/\/tienda.anclademia.com\/?post_type=product&#038;p=30443"},"modified":"2026-03-24T15:08:51","modified_gmt":"2026-03-24T14:08:51","slug":"transition-du-pnb-au-per","status":"publish","type":"product","link":"https:\/\/tienda.anclademia.com\/fr\/product\/transition-du-pnb-au-per\/","title":{"rendered":"Cours de transition PNB \u00e0 PER"},"content":{"rendered":"<div data-elementor-type=\"wp-post\" data-elementor-id=\"30443\" class=\"elementor elementor-30443\">\n\t\t\t\t<div class=\"wd-negative-gap elementor-element elementor-element-7fb6dcd wd-section-stretch e-flex e-con-boxed e-con e-parent\" data-id=\"7fb6dcd\" data-element_type=\"container\" data-e-type=\"container\" data-settings=\"{&quot;background_background&quot;:&quot;classic&quot;}\">\n\t\t\t\t\t<div class=\"e-con-inner\">\n\t\t\t\t<div class=\"elementor-element elementor-element-3d34368 wd-width-100 elementor-widget elementor-widget-wd_title\" data-id=\"3d34368\" data-element_type=\"widget\" data-e-type=\"widget\" data-widget_type=\"wd_title.default\">\n\t\t\t\t<div class=\"elementor-widget-container\">\n\t\t\t\t\t\t\t<div class=\"title-wrapper wd-set-mb reset-last-child wd-title-color-primary wd-title-style-default wd-title-size-large text-center\">\n\n\t\t\t\n\t\t\t<div class=\"liner-continer\">\n\t\t\t\t<h1 class=\"woodmart-title-container title wd-fontsize-xxl\">Du PNB au PER<\/h1> \n\t\t\t\t\t\t\t<\/div>\n\n\t\t\t\t\t<\/div>\n\t\t\t\t\t\t<\/div>\n\t\t\t\t<\/div>\n\t\t\t\t<div class=\"elementor-element elementor-element-538474a elementor-widget elementor-widget-wd_text_block\" data-id=\"538474a\" data-element_type=\"widget\" data-e-type=\"widget\" data-widget_type=\"wd_text_block.default\">\n\t\t\t\t<div class=\"elementor-widget-container\">\n\t\t\t\t\t\t\t<div class=\"wd-text-block reset-last-child text-center\">\n\t\t\t\n\t\t\t<h2><b>Passer de PNB \u00e0 PER \u2014 Inscription en ligne<\/b><\/h2><p class=\"p3\">Si vous avez d\u00e9j\u00e0 le titre de <span class=\"s2\"><b>Mod\u00e8le de navigation de base (BNP)<\/b><\/span>, vous pouvez obtenir le <span class=\"s2\"><b>Capitaine d&#039;embarcation de plaisance (PER)<\/b><\/span> plus rapidement et plus efficacement, puisque <span class=\"s2\"><b>valide une partie de la th\u00e9orie<\/b><\/span> du programme de base. Cela signifie que vous n&#039;aurez qu&#039;\u00e0 pr\u00e9parer les modules avanc\u00e9s du PER et \u00e0 compl\u00e9ter le <span class=\"s2\"><b>effectuer les stages obligatoires<\/b><\/span>, conform\u00e9ment \u00e0 la r\u00e9glementation officielle.<\/p><p class=\"p3\">Cette inscription vous garantit l&#039;acc\u00e8s au cours \u00e0 tarif r\u00e9duit, vous b\u00e9n\u00e9ficierez d&#039;un soutien personnalis\u00e9 et vous permettra de progresser vers une qualification qui \u00e9largira consid\u00e9rablement vos droits nautiques.<\/p><h2><b>Ce qui est inclus dans l&#039;achat<\/b><\/h2><p class=\"p3\">Cette inscription vous donne droit \u00e0\u00a0:<\/p><ul><li><p class=\"p1\" style=\"text-align: left;\"><span class=\"s1\"><b>Th\u00e9orie r\u00e9duite<\/b><\/span> ax\u00e9 exclusivement sur un contenu qui n&#039;est PAS valid\u00e9 par le PNB.<\/p><\/li><li style=\"text-align: left;\"><p class=\"p1\"><span class=\"s1\"><b>Acc\u00e8s aux documents officiels du PER<\/b><\/span>: programme en ligne, exercices, graphiques, probl\u00e8mes de navigation et tests.<\/p><\/li><li style=\"text-align: left;\"><p class=\"p1\"><b>16 heures de formation aux pratiques de s\u00e9curit\u00e9 et de navigation (obligatoires)<\/b><span class=\"s1\">.<\/span><\/p><\/li><li style=\"text-align: left;\"><p class=\"p1\"><b>12 heures de formation pratique ROCA<\/b><span class=\"s1\"> (si vous ne les avez pas d\u00e9j\u00e0).<\/span><\/p><\/li><li style=\"text-align: left;\"><p class=\"p1\"><span class=\"s1\"><b>Assistance personnalis\u00e9e<\/b><\/span> pour vous aider \u00e0 vous pr\u00e9parer \u00e0 l&#039;examen officiel PER.<\/p><\/li><li style=\"text-align: left;\"><p class=\"p1\"><span class=\"s1\"><b>Gestion administrative<\/b><\/span> s&#039;inscrire \u00e0 l&#039;examen et obtenir le dipl\u00f4me final.<\/p><\/li><\/ul><p class=\"p3\"><i>Important<\/i>Bien qu&#039;une partie de la th\u00e9orie soit valid\u00e9e, <span class=\"s2\"><b>Les formations obligatoires pour l&#039;obtention du PER (Permis de navigation de plaisance) ne sont pas valid\u00e9es.<\/b><\/span> et doit \u00eatre ex\u00e9cut\u00e9e int\u00e9gralement.<\/p><h2><b>Validations de PNB<\/b><\/h2><p class=\"p3\">En tant qu&#039;\u00e9tudiant titulaire d&#039;une qualification PNB\u00a0:<\/p><h3><b>\u2714\ufe0f <\/b><\/h3><h3><b>C&#039;est valid\u00e9\u00a0:<\/b><\/h3><ul><li><p class=\"p1\" style=\"text-align: left;\">Une partie du programme th\u00e9orique de base est commune \u00e0 PNB et PER.<\/p><\/li><\/ul><h3><b>\u274c <\/b><\/h3><h3><b>NON valid\u00e9\u00a0:<\/b><\/h3><ul><li><p class=\"p1\" style=\"text-align: left;\">Pratiques de s\u00e9curit\u00e9 et de navigation (16 h)<\/p><\/li><li style=\"text-align: left;\"><p class=\"p1\">Travaux pratiques de radio ROCA (12 h)<\/p><\/li><li style=\"text-align: left;\"><p class=\"p1\">Examen th\u00e9orique officiel complet PER<\/p><\/li><li style=\"text-align: left;\"><p class=\"p1\">Pratique de voile facultative<\/p><\/li><li><p class=\"p1\" style=\"text-align: left;\">Extension optionnelle de l&#039;entra\u00eenement \u00e0 la travers\u00e9e de 24 m vers les \u00eeles Bal\u00e9ares<\/p><\/li><\/ul><p class=\"p3\">La r\u00e9glementation exige la mise en \u0153uvre de <span class=\"s2\"><b>toutes les pratiques<\/b><\/span> du PER m\u00eame si vous avez d\u00e9j\u00e0 le PNB.<\/p><h2><b>Autorisations que vous obtiendrez lors de votre passage \u00e0 PER<\/b><\/h2><p class=\"p3\">Le PER offre des avantages sup\u00e9rieurs au PNB\u00a0:<\/p><ul><li><p class=\"p1\" style=\"text-align: left;\">Commander des navires jusqu&#039;\u00e0 <span class=\"s1\"><b>15 m\u00e8tres<\/b><\/span> en longueur (extensible \u00e0 <span class=\"s1\"><b>24 m\u00e8tres<\/b><\/span> (avec de la pratique suppl\u00e9mentaire).<\/p><\/li><li style=\"text-align: left;\"><p class=\"p1\">Naviguer vers <span class=\"s1\"><b>12 miles<\/b><\/span> depuis la c\u00f4te.<\/p><\/li><li style=\"text-align: left;\"><p class=\"p1\">Navigation entre les \u00eeles de l&#039;archipel des Bal\u00e9ares ou des Canaries.<\/p><\/li><li style=\"text-align: left;\"><p class=\"p1\">Avec exercice d&#039;extension : navigation entre la p\u00e9ninsule \u2194 les \u00eeles Bal\u00e9ares.<\/p><\/li><li><p class=\"p1\" style=\"text-align: left;\">Avec entra\u00eenement \u00e0 la voile : qualification de voile pour tous les titres.<\/p><\/li><\/ul><h2><b>Comment fonctionne le processus<\/b><\/h2><ol start=\"1\"><li><p class=\"p1\" style=\"text-align: left;\"><span class=\"s1\"><b>Achetez en ligne<\/b><\/span> cette inscription.<\/p><\/li><li style=\"text-align: left;\"><p class=\"p1\">Acc\u00e9dez \u00e0 votre <span class=\"s1\"><b>campus et mat\u00e9riel r\u00e9duit<\/b><\/span> pour ceux qui poss\u00e8dent d\u00e9j\u00e0 le PNB.<\/p><\/li><li style=\"text-align: left;\"><p class=\"p1\">Compl\u00e9tez le <span class=\"s1\"><b>th\u00e9orie avanc\u00e9e du PER<\/b><\/span> avec le soutien de nos instructeurs.<\/p><\/li><li style=\"text-align: left;\"><p class=\"p1\">Effectuez le <span class=\"s1\"><b>pratiques obligatoires<\/b><\/span> navigation et radio.<\/p><\/li><li style=\"text-align: left;\"><p class=\"p1\">Nous vous aidons \u00e0 vous inscrire au <span class=\"s1\"><b>examen officiel<\/b><\/span> du PER.<\/p><\/li><li><p class=\"p1\" style=\"text-align: left;\">Apr\u00e8s avoir approuv\u00e9 et soumis la documentation, nous g\u00e9rons le <span class=\"s1\"><b>d\u00e9livrance du titre PER<\/b><\/span>.<\/p><\/li><\/ol><h2><b>Informations importantes<\/b><\/h2><ul><li><p class=\"p1\" style=\"text-align: left;\">Il est obligatoire de fournir le <span class=\"s1\"><b>certificat m\u00e9dical<\/b><\/span> pour la d\u00e9livrance du PER.<\/p><\/li><li style=\"text-align: left;\"><p class=\"p1\">Vous pouvez vous entra\u00eener avant ou apr\u00e8s l&#039;examen.<\/p><\/li><li style=\"text-align: left;\"><p class=\"p1\">Si vous souhaitez naviguer ou passer \u00e0 un bateau de 24 m, vous pouvez ajouter les \u00e9quipements pratiques en option.<\/p><\/li><li><p class=\"p1\" style=\"text-align: left;\">Les frais d&#039;examen et les frais de d\u00e9livrance du dipl\u00f4me ne sont pas inclus.<\/p><\/li><\/ul><h2><b>Liens utiles<\/b><\/h2><p class=\"p3\">Vous pouvez en savoir plus <a href=\"https:\/\/anclademia.com\/patron-de-embarcacion-de-recreo\/\" target=\"_blank\" rel=\"noopener\">Informations PER<\/a> sur la page d&#039;information officielle de l&#039;\u00e9cole.<\/p>\n\t\t\t\t\t<\/div>\n\t\t\t\t\t\t<\/div>\n\t\t\t\t<\/div>\n\t\t\t\t\t<\/div>\n\t\t\t\t<\/div>\n\t\t\t\t<\/div>","protected":false},"excerpt":{"rendered":"<p class=\"p1\">Valorisez votre qualification PNB et acc\u00e9dez \u00e0 la certification PER en validant une partie du programme. Vous b\u00e9n\u00e9ficierez ainsi d&#039;un acc\u00e8s \u00e0 la th\u00e9orie sp\u00e9cifique, \u00e0 la formation pratique obligatoire, aux supports p\u00e9dagogiques et \u00e0 un accompagnement jusqu&#039;\u00e0 l&#039;examen.<\/p>","protected":false},"featured_media":29763,"template":"","meta":[],"product_brand":[],"product_cat":[23],"product_tag":[],"class_list":{"0":"post-30443","1":"product","2":"type-product","3":"status-publish","4":"has-post-thumbnail","6":"product_cat-titulos-nauticos-de-recreo","8":"first","9":"instock","10":"taxable","11":"shipping-taxable","12":"purchasable","13":"product-type-variable"},"jetpack_sharing_enabled":true,"_links":{"self":[{"href":"https:\/\/tienda.anclademia.com\/fr\/wp-json\/wp\/v2\/product\/30443","targetHints":{"allow":["GET"]}}],"collection":[{"href":"https:\/\/tienda.anclademia.com\/fr\/wp-json\/wp\/v2\/product"}],"about":[{"href":"https:\/\/tienda.anclademia.com\/fr\/wp-json\/wp\/v2\/types\/product"}],"version-history":[{"count":6,"href":"https:\/\/tienda.anclademia.com\/fr\/wp-json\/wp\/v2\/product\/30443\/revisions"}],"predecessor-version":[{"id":30739,"href":"https:\/\/tienda.anclademia.com\/fr\/wp-json\/wp\/v2\/product\/30443\/revisions\/30739"}],"wp:featuredmedia":[{"embeddable":true,"href":"https:\/\/tienda.anclademia.com\/fr\/wp-json\/wp\/v2\/media\/29763"}],"wp:attachment":[{"href":"https:\/\/tienda.anclademia.com\/fr\/wp-json\/wp\/v2\/media?parent=30443"}],"wp:term":[{"taxonomy":"product_brand","embeddable":true,"href":"https:\/\/tienda.anclademia.com\/fr\/wp-json\/wp\/v2\/product_brand?post=30443"},{"taxonomy":"product_cat","embeddable":true,"href":"https:\/\/tienda.anclademia.com\/fr\/wp-json\/wp\/v2\/product_cat?post=30443"},{"taxonomy":"product_tag","embeddable":true,"href":"https:\/\/tienda.anclademia.com\/fr\/wp-json\/wp\/v2\/product_tag?post=30443"}],"curies":[{"name":"wp","href":"https:\/\/api.w.org\/{rel}","templated":true}]}}