{"id":29044,"date":"2026-01-11T11:08:55","date_gmt":"2026-01-11T11:08:55","guid":{"rendered":"https:\/\/tienda.anclademia.com\/?post_type=product&#038;p=29044"},"modified":"2026-03-24T15:11:38","modified_gmt":"2026-03-24T14:11:38","slug":"acquistare-per","status":"publish","type":"product","link":"https:\/\/tienda.anclademia.com\/it\/product\/acquistare-per\/","title":{"rendered":"PER"},"content":{"rendered":"<div data-elementor-type=\"wp-post\" data-elementor-id=\"29044\" class=\"elementor elementor-29044\">\n\t\t\t\t<div class=\"wd-negative-gap elementor-element elementor-element-aefc00c wd-section-stretch e-flex e-con-boxed e-con e-parent\" data-id=\"aefc00c\" data-element_type=\"container\" data-e-type=\"container\" data-settings=\"{&quot;background_background&quot;:&quot;classic&quot;}\">\n\t\t\t\t\t<div class=\"e-con-inner\">\n\t\t\t\t<div class=\"elementor-element elementor-element-0a484fd wd-width-100 elementor-widget elementor-widget-wd_title\" data-id=\"0a484fd\" data-element_type=\"widget\" data-e-type=\"widget\" data-widget_type=\"wd_title.default\">\n\t\t\t\t<div class=\"elementor-widget-container\">\n\t\t\t\t\t\t\t<div class=\"title-wrapper wd-set-mb reset-last-child wd-title-color-primary wd-title-style-default wd-title-size-large text-center\">\n\n\t\t\t\n\t\t\t<div class=\"liner-continer\">\n\t\t\t\t<h1 class=\"woodmart-title-container title wd-fontsize-xxl\">Acquista il corso PER<\/h1> \n\t\t\t\t\t\t\t<\/div>\n\n\t\t\t\t\t<\/div>\n\t\t\t\t\t\t<\/div>\n\t\t\t\t<\/div>\n\t\t\t\t<div class=\"elementor-element elementor-element-c408d78 elementor-widget elementor-widget-wd_text_block\" data-id=\"c408d78\" data-element_type=\"widget\" data-e-type=\"widget\" data-widget_type=\"wd_text_block.default\">\n\t\t\t\t<div class=\"elementor-widget-container\">\n\t\t\t\t\t\t\t<div class=\"wd-text-block reset-last-child text-center\">\n\t\t\t\n\t\t\t<h2><b>PER \u2014 Registrazione online<\/b><\/h2><p class=\"p3\">Lui <span class=\"s2\"><b>Conduttore di imbarcazioni da diporto (PER)<\/b><\/span> \u00c8 la qualifica nautica pi\u00f9 ricercata perch\u00e9 amplia significativamente i privilegi del Certificato di Navigazione di Base (PNB). Ti consente di condurre imbarcazioni da diporto fino a <span class=\"s2\"><b>15 metri di lunghezza<\/b><\/span> e navigare verso <span class=\"s2\"><b>12 miglia nautiche dalla costa<\/b><\/span>, oltre a consentire la navigazione tra le isole degli arcipelaghi delle Baleari e delle Canarie. Con ulteriori pratiche, i poteri si estendono a <span class=\"s2\"><b>24 metri di lunghezza<\/b><\/span> collegamenti tra la penisola e le isole Baleari. .<\/p><p class=\"p3\">Acquistando questo prodotto stai effettuando l&#039;acquisto <span class=\"s2\"><b>registrazione online<\/b><\/span> Per ottenere la tua PER (Licenza di Skipper per la Navigazione da Diporto), il nostro team gestir\u00e0 la tua iscrizione, ti dar\u00e0 accesso al materiale didattico e coordiner\u00e0 la formazione pratica necessaria. Fin dall&#039;inizio, avrai a disposizione un supporto che ti aiuter\u00e0 a preparare la parte teorica, a programmare la formazione pratica e a rimanere informato sul calendario degli esami.<\/p><h2><b>Cosa \u00e8 incluso nell&#039;acquisto<\/b><\/h2><p class=\"p3\">Con questa registrazione otterrete tutto il necessario per avviare la procedura di ottenimento del PER:<\/p><ul><li><p class=\"p1\" style=\"text-align: left;\"><span class=\"s1\"><b>Formazione teorica<\/b><\/span> (di persona o online) che copre tutti gli argomenti dell&#039;esame ufficiale: nomenclatura nautica, elementi di ormeggio e ancoraggio, sicurezza in mare, regolamenti di navigazione (CORPE), meteorologia, carte nautiche, ecc.<\/p><\/li><li style=\"text-align: left;\"><p class=\"p1\"><span class=\"s1\"><b>Procedure di sicurezza e navigazione<\/b><\/span> Di <span class=\"s1\"><b>16 ore<\/b><\/span> Queste esercitazioni sono obbligatorie. Si svolgono normalmente in due giornate di 8 ore ciascuna e si concentrano su manovre, sicurezza e navigazione costiera, sia di giorno che di notte. .<\/p><\/li><li style=\"text-align: left;\"><p class=\"p1\"><span class=\"s1\"><b>Corso per operatori radio a corto raggio (ROCA)<\/b><\/span> Di <span class=\"s1\"><b>12 ore<\/b><\/span> (4 ore di teoria e 8 ore di pratica). Imparerai a utilizzare le apparecchiature radio, a effettuare chiamate di soccorso e a seguire i protocolli di comunicazione marittima.<\/p><\/li><li style=\"text-align: left;\"><p class=\"p1\"><span class=\"s1\"><b>Materiali didattici digitali<\/b><\/span> e una piattaforma di test per esercitarsi con l&#039;esame a risposta multipla.<\/p><\/li><li style=\"text-align: left;\"><p class=\"p1\"><span class=\"s1\"><b>Tutoraggio e supporto personale<\/b><\/span> per risolvere i dubbi e pianificare i tuoi studi.<\/p><\/li><li><p class=\"p1\" style=\"text-align: left;\"><span class=\"s1\"><b>Gestione amministrativa<\/b><\/span>Ti aiutiamo a registrarti per l&#039;esame e a preparare la documentazione per il rilascio del certificato.<\/p><\/li><\/ul><p class=\"p3\"><i>Tirocini facoltativi<\/i>\u00c8 possibile aggiungere il <span class=\"s2\"><b>pratica di vela<\/b><\/span> (16 ore) per consentire alle navi a vela e <span class=\"s2\"><b>pratica di divulgazione<\/b><\/span> (24 ore) per navigare tra la penisola e le Isole Baleari e per condurre imbarcazioni fino a 24 m. .<\/p><h2><b>Requisiti e certificato medico<\/b><\/h2><p class=\"p3\">Per ottenere il PER \u00e8 necessario soddisfare le seguenti condizioni legali:<\/p><ul><li><p class=\"p1\" style=\"text-align: left;\"><b>Et\u00e0 minima 18 anni<\/b> <span class=\"s1\">.<\/span><\/p><\/li><li style=\"text-align: left;\"><p class=\"p1\"><span class=\"s1\"><b>Superare l&#039;esame di teoria ufficiale<\/b><\/span>, che consiste di <span class=\"s1\"><b>45 domande a risposta multipla<\/b><\/span> con una durata massima di 90 minuti; sono necessarie almeno 32 risposte corrette per superare la prova. .<\/p><\/li><li style=\"text-align: left;\"><p class=\"p1\"><span class=\"s1\"><b>Completare i tirocini obbligatori<\/b><\/span> Apparecchiature di navigazione e radio menzionate in precedenza. .<\/p><\/li><li><p class=\"p1\" style=\"text-align: left;\"><span class=\"s1\"><b>Inviare una relazione sull&#039;idoneit\u00e0 psicofisica<\/b><\/span> (Visita medica) ai sensi del Regio Decreto 875\/2014. Se si possiede una patente di guida rinnovata negli ultimi 90 giorni, questa pu\u00f2 essere utilizzata in sostituzione; in caso contrario, verranno indicati i centri autorizzati per la visita.<\/p><\/li><\/ul><h2><b>Come funziona il processo<\/b><\/h2><ol start=\"1\"><li><p class=\"p1\" style=\"text-align: left;\"><span class=\"s1\"><b>Acquista online<\/b><\/span> Inserisci il modulo di registrazione e riceverai un&#039;e-mail di conferma con le istruzioni da seguire.<\/p><\/li><li style=\"text-align: left;\"><p class=\"p1\"><span class=\"s1\"><b>Accesso alla teoria<\/b><\/span>Vi invieremo il materiale didattico e l&#039;orario delle lezioni, cos\u00ec potrete scegliere tra la modalit\u00e0 online o in presenza.<\/p><\/li><li style=\"text-align: left;\"><p class=\"p1\"><span class=\"s1\"><b>Programma di tirocinio<\/b><\/span>Dovrai concordare con il nostro team le date per le esercitazioni pratiche di sicurezza e navigazione (16 ore) e per il corso di radiocomunicazione (12 ore). Queste esercitazioni pratiche possono essere svolte prima o dopo l&#039;esame di teoria.<\/p><\/li><li style=\"text-align: left;\"><p class=\"p1\"><span class=\"s1\"><b>Preparazione all&#039;esame<\/b><\/span>Utilizzerai la nostra piattaforma di test e tutoraggio per esercitarti. Quando ti sentirai pronto, ti aiuteremo a registrarti per l&#039;esame ufficiale.<\/p><\/li><li style=\"text-align: left;\"><p class=\"p1\"><span class=\"s1\"><b>Sostenere l&#039;esame teorico<\/b><\/span>Dovrai rispondere a 45 domande in 90 minuti. .<\/p><\/li><li><p class=\"p1\" style=\"text-align: left;\"><span class=\"s1\"><b>Opzioni di espansione<\/b><\/span>Se desiderate navigare o raggiungere le Isole Baleari con imbarcazioni fino a 24 m, potete noleggiare il corso di vela opzionale (16 ore) e l&#039;estensione (24 ore). .<\/p><\/li><\/ol><h2><b>Informazioni importanti<\/b><\/h2><ul><li><p class=\"p1\" style=\"text-align: left;\"><span class=\"s1\"><b>Responsabilit\u00e0 principali<\/b><\/span>La PER (Patente di Capitano da Diporto) autorizza la conduzione di imbarcazioni a motore da diporto fino a 15 metri di lunghezza e la navigazione fino a 12 miglia dalla costa, compresa la navigazione tra le isole degli arcipelaghi delle Baleari e delle Canarie.<\/p><\/li><li style=\"text-align: left;\"><p class=\"p1\"><span class=\"s1\"><b>Poteri aggiuntivi<\/b><\/span>Completando l&#039;addestramento aggiuntivo in vela e navigazione, sarai abilitato a condurre imbarcazioni fino a 24 metri e a navigare tra la penisola iberica e le isole Baleari. .<\/p><\/li><li style=\"text-align: left;\"><p class=\"p1\"><span class=\"s1\"><b>Tirocini obbligatori<\/b><\/span>\u00c8 obbligatorio completare 16 ore di formazione sulla sicurezza e la navigazione e 12 ore di formazione sull&#039;uso delle radio. .<\/p><\/li><li style=\"text-align: left;\"><p class=\"p1\"><span class=\"s1\"><b>Esame e tasse<\/b><\/span>Le tasse per l&#039;esame ufficiale e il rilascio del certificato non sono incluse nella quota di iscrizione. Vi informeremo sugli importi aggiornati in base alla vostra regione.<\/p><\/li><li style=\"text-align: left;\"><p class=\"p1\"><span class=\"s1\"><b>Validit\u00e0 e rinnovi<\/b><\/span>Il titolo PER ha una scadenza; \u00e8 sufficiente rinnovare il certificato medico, che ha una validit\u00e0 di 10 anni.<\/p><\/li><li><p class=\"p1\" style=\"text-align: left;\"><span class=\"s1\"><b>Nessun titolo precedente<\/b><\/span>Non \u00e8 necessaria una patente di navigazione o un PNB per ottenere il PER; \u00e8 possibile accedervi direttamente purch\u00e9 si soddisfino i requisiti di et\u00e0 e di formazione.<\/p><\/li><\/ul><h2><b>Link utili<\/b><\/h2><p class=\"p3\">Se desideri maggiori informazioni sul programma ufficiale, i requisiti e le normative vigenti per il PER (Recreational Skipper&#039;s License), visita la pagina informativa della nostra scuola: <a href=\"https:\/\/anclademia.com\/patron-de-embarcacion-de-recreo\/\" target=\"_blank\" rel=\"noopener\"><span class=\"s4\"><b>Informazioni complete sul PER<\/b><\/span><\/a>. L\u00ec troverai informazioni dettagliate su ciascuna materia, esempi di esami e consigli per prepararti alla prova.<\/p>\n\t\t\t\t\t<\/div>\n\t\t\t\t\t\t<\/div>\n\t\t\t\t<\/div>\n\t\t\t\t\t<\/div>\n\t\t\t\t<\/div>\n\t\t\t\t<\/div>","protected":false},"excerpt":{"rendered":"<p class=\"p1\">Registrazione per la PER (Licenza di Conducente di Imbarcazioni da Diporto) per la conduzione di imbarcazioni da diporto. Accesso a lezioni teoriche, esercitazioni pratiche di navigazione e utilizzo della radio ROCA, con rilascio del certificato.<\/p>","protected":false},"featured_media":29766,"template":"","meta":[],"product_brand":[],"product_cat":[23],"product_tag":[],"class_list":{"0":"post-29044","1":"product","2":"type-product","3":"status-publish","4":"has-post-thumbnail","6":"product_cat-titulos-nauticos-de-recreo","8":"first","9":"instock","10":"taxable","11":"shipping-taxable","12":"purchasable","13":"product-type-variable"},"jetpack_sharing_enabled":true,"_links":{"self":[{"href":"https:\/\/tienda.anclademia.com\/it\/wp-json\/wp\/v2\/product\/29044","targetHints":{"allow":["GET"]}}],"collection":[{"href":"https:\/\/tienda.anclademia.com\/it\/wp-json\/wp\/v2\/product"}],"about":[{"href":"https:\/\/tienda.anclademia.com\/it\/wp-json\/wp\/v2\/types\/product"}],"version-history":[{"count":10,"href":"https:\/\/tienda.anclademia.com\/it\/wp-json\/wp\/v2\/product\/29044\/revisions"}],"predecessor-version":[{"id":30271,"href":"https:\/\/tienda.anclademia.com\/it\/wp-json\/wp\/v2\/product\/29044\/revisions\/30271"}],"wp:featuredmedia":[{"embeddable":true,"href":"https:\/\/tienda.anclademia.com\/it\/wp-json\/wp\/v2\/media\/29766"}],"wp:attachment":[{"href":"https:\/\/tienda.anclademia.com\/it\/wp-json\/wp\/v2\/media?parent=29044"}],"wp:term":[{"taxonomy":"product_brand","embeddable":true,"href":"https:\/\/tienda.anclademia.com\/it\/wp-json\/wp\/v2\/product_brand?post=29044"},{"taxonomy":"product_cat","embeddable":true,"href":"https:\/\/tienda.anclademia.com\/it\/wp-json\/wp\/v2\/product_cat?post=29044"},{"taxonomy":"product_tag","embeddable":true,"href":"https:\/\/tienda.anclademia.com\/it\/wp-json\/wp\/v2\/product_tag?post=29044"}],"curies":[{"name":"wp","href":"https:\/\/api.w.org\/{rel}","templated":true}]}}