{"id":29066,"date":"2026-01-11T17:41:50","date_gmt":"2026-01-11T17:41:50","guid":{"rendered":"https:\/\/tienda.anclademia.com\/?post_type=product&#038;p=29066"},"modified":"2026-03-24T15:11:05","modified_gmt":"2026-03-24T14:11:05","slug":"acquistare-yacht-py-patron","status":"publish","type":"product","link":"https:\/\/tienda.anclademia.com\/it\/product\/acquistare-yacht-py-patron\/","title":{"rendered":"PY"},"content":{"rendered":"<div data-elementor-type=\"wp-post\" data-elementor-id=\"29066\" class=\"elementor elementor-29066\">\n\t\t\t\t<div class=\"wd-negative-gap elementor-element elementor-element-aa17297 wd-section-stretch e-flex e-con-boxed e-con e-parent\" data-id=\"aa17297\" data-element_type=\"container\" data-e-type=\"container\" data-settings=\"{&quot;background_background&quot;:&quot;classic&quot;}\">\n\t\t\t\t\t<div class=\"e-con-inner\">\n\t\t\t\t<div class=\"elementor-element elementor-element-352a3b6 wd-width-100 elementor-widget elementor-widget-wd_title\" data-id=\"352a3b6\" data-element_type=\"widget\" data-e-type=\"widget\" data-widget_type=\"wd_title.default\">\n\t\t\t\t<div class=\"elementor-widget-container\">\n\t\t\t\t\t\t\t<div class=\"title-wrapper wd-set-mb reset-last-child wd-title-color-primary wd-title-style-default wd-title-size-large text-center\">\n\n\t\t\t\n\t\t\t<div class=\"liner-continer\">\n\t\t\t\t<h1 class=\"woodmart-title-container title wd-fontsize-xxl\">Acquista Yacht Master<\/h1> \n\t\t\t\t\t\t\t<\/div>\n\n\t\t\t\t\t<\/div>\n\t\t\t\t\t\t<\/div>\n\t\t\t\t<\/div>\n\t\t\t\t<div class=\"elementor-element elementor-element-4a87fc5 elementor-widget elementor-widget-wd_text_block\" data-id=\"4a87fc5\" data-element_type=\"widget\" data-e-type=\"widget\" data-widget_type=\"wd_text_block.default\">\n\t\t\t\t<div class=\"elementor-widget-container\">\n\t\t\t\t\t\t\t<div class=\"wd-text-block reset-last-child text-center\">\n\t\t\t\n\t\t\t<h2><b>Skipper di yacht - Iscrizione online<\/b><\/h2><p class=\"p3\">Lui <span class=\"s2\"><b>Comandante di yacht (PY)<\/b><\/span> Questa \u00e8 la qualifica che ti permette di fare un salto qualitativo nella nautica da diporto. Con essa, puoi comandare imbarcazioni fino a <span class=\"s2\"><b>24 metri di lunghezza<\/b><\/span> e navigare verso <span class=\"s2\"><b>150 miglia<\/b><\/span> Dalla costa, si amplia l&#039;ambito di applicazione della PER (Licenza di Capitano da Diporto) consentendo viaggi pi\u00f9 lunghi e la navigazione notturna. Per ottenere la PY (Licenza di Capitano Provvisoria), \u00e8 indispensabile essere in possesso della PER, avere pi\u00f9 di 18 anni e soddisfare i requisiti sanitari e accademici stabiliti. .<\/p><p class=\"p3\">Acquisendo questa registrazione <span class=\"s2\"><b>Ti assicuri il posto<\/b><\/span> Nella prossima sessione d&#039;esame, avrai accesso al campus virtuale, alle lezioni teoriche e alle esercitazioni di navigazione obbligatorie. Il nostro team si occuper\u00e0 di tutte le pratiche burocratiche e ti guider\u00e0 durante tutto il processo, dalla preparazione all&#039;esame fino al conseguimento della certificazione finale.<\/p><h2><b>Cosa \u00e8 incluso nell&#039;acquisto<\/b><\/h2><p class=\"p3\">Con questa registrazione otterrai tutto il necessario per iniziare il processo PY:<\/p><ul><li><p class=\"p1\" style=\"text-align: left;\"><span class=\"s1\"><b>Formazione teorica<\/b><\/span>Corsi in presenza o online progettati per aiutarti a superare l&#039;esame ufficiale. Gli argomenti trattati includono navigazione astronomica, meteorologia, procedure di sicurezza e salvataggio, utilizzo di GPS e radar, ecc. La preparazione \u00e8 generalmente organizzata in moduli intensivi della durata di diverse settimane. .<\/p><\/li><li style=\"text-align: left;\"><p class=\"p1\"><span class=\"s1\"><b>Esercitazione di navigazione obbligatoria di 48 ore<\/b><\/span>Una traversata in alto mare durante la quale imparerai la navigazione notturna, la pianificazione della rotta, la navigazione in condizioni meteorologiche avverse e l&#039;uso avanzato delle apparecchiature elettroniche. Queste esercitazioni pratiche si svolgono generalmente sotto forma di una traversata continuativa di 48 ore (circa 220 miglia nautiche). .<\/p><\/li><li style=\"text-align: left;\"><p class=\"p1\"><span class=\"s1\"><b>Corso di radio<\/b><\/span> (solo se non si possiede gi\u00e0 il certificato ROCA o equivalente): sebbene molti studenti lo abbiano gi\u00e0 completato con il PER, coloro che non lo possiedono devono frequentare il corso per operatori a corto raggio (12 ore) per ottenere la qualifica. .<\/p><\/li><li style=\"text-align: left;\"><p class=\"p1\"><span class=\"s1\"><b>Materiali didattici digitali<\/b><\/span>Accesso a programmi di studio aggiornati, esercizi di navigazione grafica e test d&#039;esame.<\/p><\/li><li style=\"text-align: left;\"><p class=\"p1\"><span class=\"s1\"><b>Supporto e tutoraggio personalizzati<\/b><\/span>Guida per pianificare lo studio e risolvere i dubbi fino al giorno dell&#039;esame.<\/p><\/li><\/ul><p class=\"p3\">Le tasse d&#039;esame ufficiali e la visita medica non sono incluse nella retta scolastica.<\/p><h2><b>Requisiti e certificato medico<\/b><\/h2><p class=\"p3\">Per ottenere la certificazione di skipper di yacht, \u00e8 necessario soddisfare i seguenti requisiti:<\/p><ul><li><p class=\"p1\" style=\"text-align: left;\"><span class=\"s1\">Essere <\/span><b>oltre 18 anni<\/b><span class=\"s1\">.<\/span><\/p><\/li><li style=\"text-align: left;\"><p class=\"p1\">Per possedere il <span class=\"s1\"><b>Titolo PER<\/b><\/span> (Capitano di imbarcazione da diporto) .<\/p><\/li><li style=\"text-align: left;\"><p class=\"p1\"><span class=\"s1\"><b>Superare l&#039;esame di teoria ufficiale<\/b><\/span>, Il test dura 2 ore e consiste in 40 domande a risposta multipla su sicurezza, navigazione e carte nautiche; per superare il test sono necessarie almeno 28 risposte corrette. .<\/p><\/li><li style=\"text-align: left;\"><p class=\"p1\"><span class=\"s1\">Completare il <\/span><b>48 ore di addestramento alla navigazione in alto mare<\/b> <span class=\"s1\">.<\/span><\/p><\/li><li style=\"text-align: left;\"><p class=\"p1\"><span class=\"s1\"><b>Inviare una relazione sull&#039;idoneit\u00e0 psicofisica<\/b><\/span> (Visita medica) per il rilascio del certificato. Se hai rinnovato la patente di guida negli ultimi 90 giorni, puoi utilizzarla come sostituto.<\/p><\/li><li><p class=\"p1\" style=\"text-align: left;\">Eseguire il <span class=\"s1\"><b>corso di radio a corto raggio<\/b><\/span> se non l&#039;hai fatto nei titoli precedenti.<\/p><\/li><\/ul><h2><b>Come funziona il processo<\/b><\/h2><ol start=\"1\"><li><p class=\"p1\" style=\"text-align: left;\"><span class=\"s1\"><b>Acquista online<\/b><\/span> Registrati tramite questa pagina. Riceverai un&#039;e-mail di conferma con le credenziali di accesso al campus e la documentazione necessaria.<\/p><\/li><li style=\"text-align: left;\"><p class=\"p1\"><span class=\"s1\"><b>Partecipa alla formazione teorica<\/b><\/span> A seconda della modalit\u00e0 scelta (online o in presenza), vi prepareremo con esercizi, carte nautiche e simulazioni d&#039;esame.<\/p><\/li><li style=\"text-align: left;\"><p class=\"p1\"><span class=\"s1\"><b>Pianificare ed eseguire esercitazioni di navigazione<\/b><\/span>: un viaggio ininterrotto di 48 ore in cui potrai mettere in pratica le tue conoscenze di navigazione astronomica ed elettronica. .<\/p><\/li><li style=\"text-align: left;\"><p class=\"p1\"><span class=\"s1\"><b>Superare l&#039;esame di teoria<\/b><\/span> esame ufficiale (40 domande, 2 ore) con il raggiungimento del voto minimo richiesto. .<\/p><\/li><li style=\"text-align: left;\"><p class=\"p1\"><span class=\"s1\"><b>Fornire il certificato medico<\/b><\/span> e la documentazione richiesta. Il nostro team si occuper\u00e0 di inoltrare la tua laurea all&#039;Amministrazione.<\/p><\/li><li><p class=\"p1\" style=\"text-align: left;\"><span class=\"s1\"><b>Ricevi il tuo titolo PY<\/b><\/span>, che ti permetter\u00e0 di realizzare modelli fino a 24 miglia su 150.<\/p><\/li><\/ol><h2><b>Informazioni importanti<\/b><\/h2><ul><li><p class=\"p1\" style=\"text-align: left;\"><span class=\"s1\"><b>Responsabilit\u00e0 principali<\/b><\/span>La patente PY consente di condurre imbarcazioni da diporto fino a 24 metri di lunghezza e di navigare fino a 150 miglia dalla costa. .<\/p><\/li><li style=\"text-align: left;\"><p class=\"p1\"><span class=\"s1\"><b>Tirocini obbligatori<\/b><\/span>: Sono necessarie 48 ore di navigazione continua; non sono previste ulteriori esercitazioni radio se si possiede gi\u00e0 il certificato ROCA. .<\/p><\/li><li style=\"text-align: left;\"><p class=\"p1\"><span class=\"s1\"><b>Esame teorico<\/b><\/span>40 domande in 2 ore; sono necessarie 28 risposte corrette. .<\/p><\/li><li style=\"text-align: left;\"><p class=\"p1\"><span class=\"s1\"><b>Certificato medico<\/b><\/span>: necessario per il rilascio del titolo; \u00e8 valido per 90 giorni e pu\u00f2 essere sostituito da una patente di guida rinnovata di recente.<\/p><\/li><li style=\"text-align: left;\"><p class=\"p1\"><span class=\"s1\"><b>Esercitazioni di vela (facoltative)<\/b><\/span>Se desideri navigare a vela, puoi completare ulteriori 16 ore di pratica; questa qualifica \u00e8 valida per tutte le patenti nautiche da diporto. .<\/p><\/li><li><p class=\"p1\" style=\"text-align: left;\"><span class=\"s1\"><b>Tariffe e servizi aggiuntivi<\/b><\/span>La quota di iscrizione non comprende le tasse d&#039;esame n\u00e9 la visita medica.<\/p><\/li><\/ul><h2><b>Link utili<\/b><\/h2><p class=\"p3\">Per consultare i programmi ufficiali, i regolamenti e gli esempi di esami del corso Yacht Skipper, visita la pagina informativa della scuola: <a href=\"https:\/\/anclademia.com\/curso-patron-yate-barcelona\/\" target=\"_blank\" rel=\"noopener\"><span class=\"s4\"><b>Informazioni complete su PY<\/b><\/span><\/a>. L\u00ec troverai dettagli tecnici, la legislazione applicabile e confronti tra le diverse qualifiche.<\/p>\n\t\t\t\t\t<\/div>\n\t\t\t\t\t\t<\/div>\n\t\t\t\t<\/div>\n\t\t\t\t\t<\/div>\n\t\t\t\t<\/div>\n\t\t\t\t<\/div>","protected":false},"excerpt":{"rendered":"<p class=\"p1\">Fai il salto di qualit\u00e0 e ottieni la certificazione Yacht Skipper. L&#039;iscrizione online include la parte teorica, la pratica di navigazione in mare aperto e le procedure amministrative.<\/p>","protected":false},"featured_media":29770,"template":"","meta":[],"product_brand":[],"product_cat":[23],"product_tag":[],"class_list":{"0":"post-29066","1":"product","2":"type-product","3":"status-publish","4":"has-post-thumbnail","6":"product_cat-titulos-nauticos-de-recreo","8":"first","9":"instock","10":"taxable","11":"shipping-taxable","12":"purchasable","13":"product-type-variable"},"jetpack_sharing_enabled":true,"_links":{"self":[{"href":"https:\/\/tienda.anclademia.com\/it\/wp-json\/wp\/v2\/product\/29066","targetHints":{"allow":["GET"]}}],"collection":[{"href":"https:\/\/tienda.anclademia.com\/it\/wp-json\/wp\/v2\/product"}],"about":[{"href":"https:\/\/tienda.anclademia.com\/it\/wp-json\/wp\/v2\/types\/product"}],"version-history":[{"count":13,"href":"https:\/\/tienda.anclademia.com\/it\/wp-json\/wp\/v2\/product\/29066\/revisions"}],"predecessor-version":[{"id":30280,"href":"https:\/\/tienda.anclademia.com\/it\/wp-json\/wp\/v2\/product\/29066\/revisions\/30280"}],"wp:featuredmedia":[{"embeddable":true,"href":"https:\/\/tienda.anclademia.com\/it\/wp-json\/wp\/v2\/media\/29770"}],"wp:attachment":[{"href":"https:\/\/tienda.anclademia.com\/it\/wp-json\/wp\/v2\/media?parent=29066"}],"wp:term":[{"taxonomy":"product_brand","embeddable":true,"href":"https:\/\/tienda.anclademia.com\/it\/wp-json\/wp\/v2\/product_brand?post=29066"},{"taxonomy":"product_cat","embeddable":true,"href":"https:\/\/tienda.anclademia.com\/it\/wp-json\/wp\/v2\/product_cat?post=29066"},{"taxonomy":"product_tag","embeddable":true,"href":"https:\/\/tienda.anclademia.com\/it\/wp-json\/wp\/v2\/product_tag?post=29066"}],"curies":[{"name":"wp","href":"https:\/\/api.w.org\/{rel}","templated":true}]}}