{"id":29096,"date":"2026-01-11T17:55:08","date_gmt":"2026-01-11T17:55:08","guid":{"rendered":"https:\/\/tienda.anclademia.com\/?post_type=product&#038;p=29096"},"modified":"2026-01-31T14:35:03","modified_gmt":"2026-01-31T13:35:03","slug":"acquistare-operatore-generale-smssm","status":"publish","type":"product","link":"https:\/\/tienda.anclademia.com\/it\/product\/acquistare-operatore-generale-smssm\/","title":{"rendered":"Operatore Generale SMSSM"},"content":{"rendered":"<div data-elementor-type=\"wp-post\" data-elementor-id=\"29096\" class=\"elementor elementor-29096\">\n\t\t\t\t<div class=\"wd-negative-gap elementor-element elementor-element-5ea7b7a wd-section-stretch e-flex e-con-boxed e-con e-parent\" data-id=\"5ea7b7a\" data-element_type=\"container\" data-e-type=\"container\" data-settings=\"{&quot;background_background&quot;:&quot;classic&quot;}\">\n\t\t\t\t\t<div class=\"e-con-inner\">\n\t\t\t\t<div class=\"elementor-element elementor-element-d172ea3 wd-width-100 elementor-widget elementor-widget-wd_title\" data-id=\"d172ea3\" data-element_type=\"widget\" data-e-type=\"widget\" data-widget_type=\"wd_title.default\">\n\t\t\t\t<div class=\"elementor-widget-container\">\n\t\t\t\t\t\t\t<div class=\"title-wrapper wd-set-mb reset-last-child wd-title-color-primary wd-title-style-default wd-title-size-large text-center\">\n\n\t\t\t\n\t\t\t<div class=\"liner-continer\">\n\t\t\t\t<h1 class=\"woodmart-title-container title wd-fontsize-xxl\">Acquista General Operator SMSSM<\/h1> \n\t\t\t\t\t\t\t<\/div>\n\n\t\t\t\t\t<\/div>\n\t\t\t\t\t\t<\/div>\n\t\t\t\t<\/div>\n\t\t\t\t<div class=\"elementor-element elementor-element-999bcf8 elementor-widget elementor-widget-wd_text_block\" data-id=\"999bcf8\" data-element_type=\"widget\" data-e-type=\"widget\" data-widget_type=\"wd_text_block.default\">\n\t\t\t\t<div class=\"elementor-widget-container\">\n\t\t\t\t\t\t\t<div class=\"wd-text-block reset-last-child text-center\">\n\t\t\t\n\t\t\t<h1><b>Operatore generale SMSSM \u2014 Registrazione online<\/b><\/h1><p class=\"p3\">Lui <span class=\"s2\"><b>Operatore generale del Sistema globale di soccorso e sicurezza marittima (GMDSS)<\/b><\/span> \u00c8 il certificato professionale pi\u00f9 completo nel campo delle radiocomunicazioni marittime. Questa qualifica consente l&#039;utilizzo di tutte le apparecchiature radioelettroniche GMDSS in <span class=\"s2\"><b>zone A1, A2, A3 e A4<\/b><\/span>, offrendo accesso a posizioni professionali nella marina mercantile, nonch\u00e9 su navi passeggeri, grandi yacht, navi offshore o qualsiasi imbarcazione soggetta alle normative SOLAS.<\/p><p class=\"p3\">Con questo acquisto effettui l&#039;acquisto <span class=\"s2\"><b>registrazione online<\/b><\/span> per ottenere il certificato di <span class=\"s2\"><b>Operatore Generale SMSSM<\/b><\/span>. Il nostro team gestir\u00e0 la tua iscrizione, ti dar\u00e0 accesso al materiale didattico, coordiner\u00e0 le tue sessioni pratiche in un simulatore approvato e ti supporter\u00e0 fino al superamento dell&#039;esame e al rilascio del certificato professionale.<\/p><h2><b>Cosa \u00e8 incluso nell&#039;acquisto<\/b><\/h2><p class=\"p3\">Con questa registrazione otterrete tutto il necessario per completare la formazione ufficiale:<\/p><ul><li><p class=\"p1\" style=\"text-align: left;\"><span class=\"s1\"><b>Corsi di teoria ufficiali<\/b><\/span>, tenuti da istruttori certificati, dove imparerai:<\/p><p class=\"p2\">\u00a0<\/p><ul><li><p class=\"p1\" style=\"text-align: left;\">Sistemi di soccorso e sicurezza marittima<\/p><\/li><li style=\"text-align: left;\"><p class=\"p1\">Comunicazioni VHF, MF, HF e satellitari<\/p><\/li><li style=\"text-align: left;\"><p class=\"p1\">Utilizzo del sistema INMARSAT<\/p><\/li><li style=\"text-align: left;\"><p class=\"p1\">EPIRB, SART, NAVTEX e chiamata selettiva digitale (DSC)<\/p><\/li><li style=\"text-align: left;\"><p class=\"p1\">Procedure di emergenza, urgenza e sicurezza<\/p><\/li><li style=\"text-align: left;\"><p class=\"p1\">Regolamento internazionale delle radiocomunicazioni<\/p><\/li><\/ul><p style=\"text-align: left;\">\u00a0<\/p><\/li><li><p class=\"p1\" style=\"text-align: left;\"><b>Addestramento approvato in un simulatore GMDSS<\/b><b><\/b><\/p><p class=\"p2\" style=\"text-align: left;\">Tu eseguirai <span class=\"s1\"><b>pratiche obbligatorie<\/b><\/span> in un simulatore professionale certificato in cui vengono gestite situazioni reali:<\/p><ul><li><p class=\"p1\" style=\"text-align: left;\">Chiamate di soccorso<\/p><\/li><li style=\"text-align: left;\"><p class=\"p1\">Gestione delle emergenze<\/p><\/li><li style=\"text-align: left;\"><p class=\"p1\">Comunicazioni di ponte<\/p><\/li><li style=\"text-align: left;\"><p class=\"p1\">Sistemi di allerta e coordinamento per la ricerca e il salvataggio (SAR).<\/p><\/li><li style=\"text-align: left;\"><p class=\"p1\">Comunicazioni satellitari e reti GMDSS complete<\/p><\/li><\/ul><p style=\"text-align: left;\">\u00a0<\/p><\/li><li><p class=\"p1\" style=\"text-align: left;\"><b>Materiale didattico completo<\/b><b><\/b><\/p><p class=\"p2\" style=\"text-align: left;\">Accesso a manuali, banche dati di domande, esercizi e simulazioni reali dell&#039;esame ufficiale.<\/p><\/li><li style=\"text-align: left;\"><p class=\"p1\"><b>Tutoraggio e supporto personalizzato<\/b><b><\/b><\/p><p class=\"p2\">Per risolvere i dubbi tecnici, pianifica il tuo studio e preparati adeguatamente per la prova teorico-pratica.<\/p><\/li><li><p class=\"p1\" style=\"text-align: left;\"><b>Gestione amministrativa<\/b><b><\/b><\/p><p class=\"p2\" style=\"text-align: left;\">Consulenza sull&#039;iscrizione agli esami, verifica dei requisiti e gestione del rilascio del certificato professionale una volta approvato.<\/p><\/li><\/ul><blockquote><i>Le tasse per gli esami professionali e il riconoscimento medico ufficiale non sono inclusi.<\/i><i><\/i><\/blockquote><h2><b>Requisiti e certificazione<\/b><\/h2><p class=\"p3\">Per accedere al corso SMSSM per Operatori Generali \u00e8 necessario soddisfare i seguenti requisiti:<\/p><ul><li><p class=\"p1\" style=\"text-align: left;\"><span class=\"s1\">Essere <\/span><b>oltre 18 anni<\/b><b><\/b><\/p><\/li><li style=\"text-align: left;\"><p class=\"p1\"><span class=\"s1\">Avere il <\/span><b>Visita medica ufficiale per il personale marittimo<\/b><span class=\"s1\"> (secondo le normative STCW)<\/span><\/p><\/li><li style=\"text-align: left;\"><p class=\"p1\">Conta su <span class=\"s1\"><b>documentazione valida<\/b><\/span> per l&#039;elaborazione del certificato professionale<\/p><\/li><li><p class=\"p1\" style=\"text-align: left;\"><i>Non \u00e8 richiesta alcuna esperienza pregressa.<\/i> Nel campo delle radiocomunicazioni, sebbene sia consigliabile avere conoscenze di base o possedere un certificato di operatore limitato<\/p><\/li><\/ul><p class=\"p3\">Il certificato viene rilasciato dopo <span class=\"s2\"><b>superare l&#039;esame teorico-pratico<\/b><\/span>, che comprende:<\/p><ul><li><p class=\"p1\" style=\"text-align: left;\">Test nel simulatore<\/p><\/li><li style=\"text-align: left;\"><p class=\"p1\">Risoluzione delle procedure di emergenza<\/p><\/li><li><p class=\"p1\" style=\"text-align: left;\">Domande tecniche sui sistemi GMDSS<\/p><\/li><\/ul><p class=\"p3\">La qualifica \u00e8 valida a livello internazionale in conformit\u00e0 con gli standard di <span class=\"s2\"><b>Convenzione STCW<\/b><\/span>.<\/p><h2><b>Come funziona il processo<\/b><\/h2><ol start=\"1\"><li><p class=\"p1\" style=\"text-align: left;\"><b>Acquista l&#039;iscrizione online<\/b><span class=\"s1\"> da questa pagina.<\/span><\/p><\/li><li style=\"text-align: left;\"><p class=\"p1\">Riceverai un&#039;e-mail con le istruzioni, i dettagli di accesso e la documentazione necessaria.<\/p><\/li><li style=\"text-align: left;\"><p class=\"p1\">Eseguire il <span class=\"s1\"><b>formazione teorica<\/b><\/span> durante le sessioni programmate.<\/p><\/li><li style=\"text-align: left;\"><p class=\"p1\"><span class=\"s1\">Completare il <\/span><b>Addestramento pratico in un simulatore SMSSM approvato.<\/b><span class=\"s1\">.<\/span><\/p><\/li><li style=\"text-align: left;\"><p class=\"p1\">Ti aiutiamo a iscriverti a <span class=\"s1\"><b>esame professionale<\/b><\/span> corrispondente.<\/p><\/li><li style=\"text-align: left;\"><p class=\"p1\">Una volta superato l&#039;esame, dovrai fornire il certificato medico e la documentazione finale.<\/p><\/li><li><p class=\"p1\" style=\"text-align: left;\"><span class=\"s1\">Noi gestiamo il <\/span><b>Rilascio del Certificato Generale di Operatore SMSSM<\/b><span class=\"s1\">.<\/span><\/p><\/li><\/ol><h2><b>Informazioni importanti<\/b><\/h2><ul><li><p class=\"p1\" style=\"text-align: left;\"><span class=\"s1\"><b>Certificazione professionale STCW<\/b><\/span> valido per lavorare all&#039;estero.<\/p><\/li><li style=\"text-align: left;\"><p class=\"p1\">Consente il funzionamento di tutte le apparecchiature radio GMDSS: VHF, MF, HF, INMARSAT, GMDSS, AIS, NAVTEX, EPIRB, ecc.<\/p><\/li><li style=\"text-align: left;\"><p class=\"p1\">Obbligatorio per l&#039;imbarco su navi mercantili, grandi yacht, navi passeggeri e qualsiasi imbarcazione soggetta alla convenzione SOLAS.<\/p><\/li><li style=\"text-align: left;\"><p class=\"p1\">Il certificato \u00e8 valido per <span class=\"s1\"><b>5 anni<\/b><\/span>, e deve essere rinnovata con un corso di aggiornamento.<\/p><\/li><li><p class=\"p1\" style=\"text-align: left;\">Il prezzo non include una visita medica specialistica.<\/p><\/li><\/ul><h2><b>Link utili<\/b><\/h2><p class=\"p3\">Maggiori dettagli sul certificato, sui tirocini, sulle normative STCW e sulle opportunit\u00e0 di carriera sono disponibili nella pagina informativa principale:<\/p><p class=\"p5\"><a href=\"https:\/\/anclademia.com\/curso-operador-general-smssm\/\" target=\"_blank\" rel=\"noopener\"><b>Informazioni complete sull&#039;operatore generale SMSSM<\/b><\/a><\/p>\n\t\t\t\t\t<\/div>\n\t\t\t\t\t\t<\/div>\n\t\t\t\t<\/div>\n\t\t\t\t\t<\/div>\n\t\t\t\t<\/div>\n\t\t\t\t<\/div>","protected":false},"excerpt":{"rendered":"<p class=\"p1\">Obbligatorio per comandare navi mercantili o passeggeri. Acquista il corso e ottieni il certificato di operatore generale GMDSS.<\/p>","protected":false},"featured_media":29802,"template":"","meta":[],"product_brand":[],"product_cat":[30],"product_tag":[],"class_list":{"0":"post-29096","1":"product","2":"type-product","3":"status-publish","4":"has-post-thumbnail","6":"product_cat-titulos-nauticos-profesionales","8":"first","9":"instock","10":"virtual","11":"taxable","12":"purchasable","13":"product-type-simple"},"jetpack_sharing_enabled":true,"_links":{"self":[{"href":"https:\/\/tienda.anclademia.com\/it\/wp-json\/wp\/v2\/product\/29096","targetHints":{"allow":["GET"]}}],"collection":[{"href":"https:\/\/tienda.anclademia.com\/it\/wp-json\/wp\/v2\/product"}],"about":[{"href":"https:\/\/tienda.anclademia.com\/it\/wp-json\/wp\/v2\/types\/product"}],"version-history":[{"count":14,"href":"https:\/\/tienda.anclademia.com\/it\/wp-json\/wp\/v2\/product\/29096\/revisions"}],"predecessor-version":[{"id":30388,"href":"https:\/\/tienda.anclademia.com\/it\/wp-json\/wp\/v2\/product\/29096\/revisions\/30388"}],"wp:featuredmedia":[{"embeddable":true,"href":"https:\/\/tienda.anclademia.com\/it\/wp-json\/wp\/v2\/media\/29802"}],"wp:attachment":[{"href":"https:\/\/tienda.anclademia.com\/it\/wp-json\/wp\/v2\/media?parent=29096"}],"wp:term":[{"taxonomy":"product_brand","embeddable":true,"href":"https:\/\/tienda.anclademia.com\/it\/wp-json\/wp\/v2\/product_brand?post=29096"},{"taxonomy":"product_cat","embeddable":true,"href":"https:\/\/tienda.anclademia.com\/it\/wp-json\/wp\/v2\/product_cat?post=29096"},{"taxonomy":"product_tag","embeddable":true,"href":"https:\/\/tienda.anclademia.com\/it\/wp-json\/wp\/v2\/product_tag?post=29096"}],"curies":[{"name":"wp","href":"https:\/\/api.w.org\/{rel}","templated":true}]}}